{"id":15433,"date":"2017-11-21T15:49:38","date_gmt":"2017-11-21T15:49:38","guid":{"rendered":"https:\/\/handy.brussels\/le-guide\/"},"modified":"2018-02-07T17:06:21","modified_gmt":"2018-02-07T17:06:21","slug":"le-guide","status":"publish","type":"page","link":"https:\/\/handy.brussels\/nl\/amt-concept\/le-guide\/","title":{"rendered":"De Gids"},"content":{"rendered":"<h3><span id=\"result_box\" class=\"\" lang=\"nl\"><span title=\"Bruxelles pour tous devient Handy.Brussels pour rendre Bruxelles encore plus pratique et accessible \u00e0 tous. \"><em>Brussel voor allen<\/em> wordt <em>Handy.Brussels<\/em> om Brussel nog praktischer en toegankelijker te maken voor iedereen.<\/span><\/span><\/h3>\n<p><span title=\"Les utilisateurs du Bruxelles Pour Tous retrouveront la structure qu\u2019ils connaissent dans Handy.Brussels : \u00a0\u00a0\u00a0\u00a0\">Gebruikers van Brussel voor allen vinden de structuur die ze al kennen in Handy.Brussels:<\/span><\/p>\n<ul>\n<li><span title=\"LE GUIDE : c\u2019est le c\u0153ur du dispositif, \u00a0\u00a0\u00a0\u00a0\">DE GIDS: is het hartje van de site,<\/span><\/li>\n<li><span title=\"LES TRANSPORTS : pages utiles pour arriver \u00e0 Bruxelles et y circuler, \u00a0\u00a0\u00a0\u00a0\">VERVOER: nuttige tips om in Brussel aan te komen en er te circuleren,<\/span><\/li>\n<li><span title=\"PRATIQUE : infos pr\u00e9cieuses concernant, le tourisme, les associations, la sant\u00e9, la poste, \u2026 \u00a0\u00a0\u00a0\u00a0\">PRAKTISCHE: waardevolle informatie over toerisme, verenigingen, gezondheid, de post, &#8230;<\/span><\/li>\n<li><span title=\"AMT Concept : Edito(s), pr\u00e9sentations des pictogrammes, Acces-i, pr\u00e9sentation de AMT, \u2026 \u00a0\u00a0\u00a0\u00a0\">AMT Concept: Editoriaal(en), presentatie van de pictogrammen, Acces-i, presentatie van AMT, &#8230;<\/span><\/li>\n<li><span title=\"ACTUALITES : Les news que l\u2019on trouve sur la page d\u2019accueil, les plus r\u00e9centes en premier. \">NIEUWS: het nieuws dat op de home pagina komt, de meest recente eerst.<\/span><\/li>\n<\/ul>\n<p><span title=\"D\u00e9sormais le site est adapt\u00e9 aussi-bien aux mobiles qu\u2019aux tablettes et \u00e9crans \u2018classiques\u2019. \">Vanaf nu is de site ook aangepast voor mobiele telefoons, tablets en &#8216;klassieke&#8217; schermen.<br \/>\n<\/span><strong><span title=\"Voici quelques nouveaut\u00e9s de la webApp Handy.Brussels pour les utilisateurs sur mobile. \u00a0\u00a0\u00a0\u00a0\">Hier vindt u enkele nieuwe functies van de webApp Handy.Brussels voor mobiele gebruikers.<\/span><\/strong><\/p>\n<ul>\n<li><span title=\"Affichage responsive et fonctionnalit\u00e9s adapt\u00e9es aux interfaces mobiles \u00a0\u00a0\u00a0\u00a0\"><strong>Reagerende<\/strong> displays met aangepaste\u00a0functies voor mobiele telefoons.<\/span><\/li>\n<li><span title=\"G\u00e9olocalisation des adresses sur la carte.\"><strong>Geolocatie<\/strong> van de adressen op de kaart. <\/span><span title=\"Elles peuvent s\u2019afficher de fa\u00e7on s\u00e9lective moyennant l\u2019interaction de trois filtres ; \u00a0\u00a0\u00a0\u00a0\">Ze kunnen selectief worden weergegeven via de interactie van drie filters;<br \/>\n<\/span><span title=\"Cat\u00e9gorie de lieu - Type de handicap - Code postal. \u00a0\u00a0\u00a0\u00a0\">Plaatscategorie &#8211; Handicap Type &#8211; Postcode.<\/span><\/li>\n<li><span title=\"Itin\u00e9raire, via un lien qui renvoie \u00e0 la fonction de Gmaps. \u00a0\u00a0\u00a0\u00a0\"><strong>Route<\/strong>, via een link die verwijst naar de functie van Gmaps.<\/span><\/li>\n<li><span title=\"Interactivit\u00e9 avec les usagers par la possibilit\u00e9 de : \u00a0\u00a0\u00a0\u00a0\"><strong>Interactiviteit met gebruikers<\/strong> door de mogelijkheid van:<br \/>\n<\/span><span title=\"-&gt; donner une cote lorsque l\u2019on a test\u00e9 une adresse du guide.\">-&gt; een beoordeling te geven wanneer je een adres hebt getest. <\/span><span title=\"En cinq points, par demi (donc dix).\">In vijf punten, per helft (dus tien). <\/span><span title=\"La moyenne attribu\u00e9e s\u2019affiche en haut de page de cette adresse. \u00a0\u00a0\u00a0\u00a0\">Het gemiddelde wordt bovenaan het adres weergegeven.<br \/>\n<\/span><span title=\"-&gt; envoyer son commentaire \u00e0 Handy.Brussels pour commenter une adresse. \u00a0\u00a0\u00a0\u00a0\">-&gt; commentaar sturen naar Handy.Brussels.<\/span><\/li>\n<li><span title=\"Possibilit\u00e9 d\u2019ic\u00f4ne sur l\u2019\u00e9cran d\u2019accueil en guise signet pour lancer la webApp. \"><strong>Pictogram<\/strong> op het startscherm van uw mobiel om de webApp te starten.<\/span><\/li>\n<\/ul>\n<p><strong><span title=\"Pour les utilisateurs sur \u00e9cran 'classique' \u00a0\u00a0\u00a0\u00a0\">Voor gebruikers op &#8216;klassiek&#8217; scherm<\/span><\/strong><\/p>\n<ul>\n<li><span title=\"Affichage adapt\u00e9 (aussi) aux PC et tablettes pour un usage sur grand \u00e9cran au travail ou \u00e0 la maison. \u00a0\u00a0\u00a0\u00a0\"><strong>Geschikt (ook) voor pc&#8217;s en tablets<\/strong> voor breedbeeldgebruik op het werk of thuis.<\/span><\/li>\n<li><span title=\"Le moteur de recherche offre plus de possibilit\u00e9s, du fait de la nouvelle structure de la base de donn\u00e9es. \u00a0\u00a0\u00a0\u00a0\"><strong>De zoekmachine biedt meer mogelijkheden<\/strong>, vanwege de nieuwe structuur van de database.<br \/>\n<\/span><span title=\"Que ce soit par la loupe \u2018Rechercher\u2019, sur la page MAP, ou via le GUIDE, l\u2019on a la possibilit\u00e9 de rechercher une adresse par un, deux ou trois crit\u00e8res ; \u00a0\u00a0\u00a0\u00a0\">Of het nu via het vergrootglas &#8216;Zoeken&#8217;, de MAP-pagina of via de GIDS is, kan gezocht worden naar een adres met \u00e9\u00e9n, twee of drie criteria;<br \/>\n<\/span><span title=\"Cat\u00e9gorie de lieu - Type de handicap - Code postal. \u00a0\u00a0\u00a0\u00a0\">Plaatscategorie &#8211; Type handicap &#8211; Postcode.<\/span><\/li>\n<li><span title=\"Une m\u00eame base de donn\u00e9es alimente le site et la webApp.\">E\u00e9n enkele database voedt de site en de webApp. <\/span><span title=\"Ce qui implique une seule et unique intervention pour la mise \u00e0 jour pour tous supports. \u00a0\u00a0\u00a0\u00a0\">Dit impliceert \u00e9\u00e9n enkele interventie voor de update.<br \/>\n<\/span><span title=\"Essentiel, si l\u2019on veut garder la souplesse d\u2019une petite asbl telle que AMT Concept.\">Essentieel, als we de flexibiliteit van een kleine organisatie zoals AMT Concept willen behouden.<\/span><\/li>\n<\/ul>\n<p><a href=\"https:\/\/handy.brussels\/wp-content\/uploads\/2018\/02\/Brussel-voor-allen_2017-2018_NL_lowdef-1.pdf\" target=\"_blank\" rel=\"noopener\">Brussel voor allen 2017-2018 nederlandse versie voor het drukken (low def)<\/a><\/p>\n","protected":false},"excerpt":{"rendered":"<p>Brussel voor allen wordt Handy.Brussels om Brussel nog praktischer en toegankelijker te maken voor iedereen. Gebruikers van Brussel voor allen vinden de structuur die ze al kennen in Handy.Brussels: DE GIDS: is het hartje van de site, VERVOER: nuttige tips om in Brussel aan te komen en er te circuleren, PRAKTISCHE: waardevolle informatie over toerisme,&nbsp; <a href=\"https:\/\/handy.brussels\/nl\/amt-concept\/le-guide\/\">&hellip; <\/a><\/p>\n","protected":false},"author":5,"featured_media":0,"parent":14472,"menu_order":0,"comment_status":"closed","ping_status":"closed","template":"","meta":{"_acf_changed":false,"footnotes":""},"class_list":["post-15433","page","type-page","status-publish","hentry"],"acf":[],"yoast_head":"<!-- This site is optimized with the Yoast SEO plugin v27.3 - https:\/\/yoast.com\/product\/yoast-seo-wordpress\/ -->\n<title>De Gids - Handy.Brussels - Brussel voor allen !<\/title>\n<meta name=\"robots\" content=\"index, follow, max-snippet:-1, max-image-preview:large, max-video-preview:-1\" \/>\n<link rel=\"canonical\" href=\"https:\/\/handy.brussels\/nl\/amt-concept\/le-guide\/\" \/>\n<meta property=\"og:locale\" content=\"nl_NL\" \/>\n<meta property=\"og:type\" content=\"article\" \/>\n<meta property=\"og:title\" content=\"De Gids - Handy.Brussels - Brussel voor allen !\" \/>\n<meta property=\"og:description\" content=\"Brussel voor allen wordt Handy.Brussels om Brussel nog praktischer en toegankelijker te maken voor iedereen. Gebruikers van Brussel voor allen vinden de structuur die ze al kennen in Handy.Brussels: DE GIDS: is het hartje van de site, VERVOER: nuttige tips om in Brussel aan te komen en er te circuleren, PRAKTISCHE: waardevolle informatie over toerisme,&nbsp; &hellip;\" \/>\n<meta property=\"og:url\" content=\"https:\/\/handy.brussels\/nl\/amt-concept\/le-guide\/\" \/>\n<meta property=\"og:site_name\" content=\"Handy.Brussels - Brussel voor allen !\" \/>\n<meta property=\"article:modified_time\" content=\"2018-02-07T17:06:21+00:00\" \/>\n<meta name=\"twitter:card\" content=\"summary_large_image\" \/>\n<meta name=\"twitter:label1\" content=\"Geschatte leestijd\" \/>\n\t<meta name=\"twitter:data1\" content=\"2 minuten\" \/>\n<script type=\"application\/ld+json\" class=\"yoast-schema-graph\">{\"@context\":\"https:\\\/\\\/schema.org\",\"@graph\":[{\"@type\":\"WebPage\",\"@id\":\"https:\\\/\\\/handy.brussels\\\/nl\\\/amt-concept\\\/le-guide\\\/\",\"url\":\"https:\\\/\\\/handy.brussels\\\/nl\\\/amt-concept\\\/le-guide\\\/\",\"name\":\"De Gids - Handy.Brussels - Brussel voor allen !\",\"isPartOf\":{\"@id\":\"https:\\\/\\\/handy.brussels\\\/nl\\\/#website\"},\"datePublished\":\"2017-11-21T15:49:38+00:00\",\"dateModified\":\"2018-02-07T17:06:21+00:00\",\"breadcrumb\":{\"@id\":\"https:\\\/\\\/handy.brussels\\\/nl\\\/amt-concept\\\/le-guide\\\/#breadcrumb\"},\"inLanguage\":\"nl-NL\",\"potentialAction\":[{\"@type\":\"ReadAction\",\"target\":[\"https:\\\/\\\/handy.brussels\\\/nl\\\/amt-concept\\\/le-guide\\\/\"]}]},{\"@type\":\"BreadcrumbList\",\"@id\":\"https:\\\/\\\/handy.brussels\\\/nl\\\/amt-concept\\\/le-guide\\\/#breadcrumb\",\"itemListElement\":[{\"@type\":\"ListItem\",\"position\":1,\"name\":\"Accueil\",\"item\":\"https:\\\/\\\/handy.brussels\\\/nl\\\/\"},{\"@type\":\"ListItem\",\"position\":2,\"name\":\"AMT Concept\",\"item\":\"https:\\\/\\\/handy.brussels\\\/nl\\\/amt-concept\\\/\"},{\"@type\":\"ListItem\",\"position\":3,\"name\":\"De Gids\"}]},{\"@type\":\"WebSite\",\"@id\":\"https:\\\/\\\/handy.brussels\\\/nl\\\/#website\",\"url\":\"https:\\\/\\\/handy.brussels\\\/nl\\\/\",\"name\":\"Handy.Brussels - Brussel voor allen !\",\"description\":\"De toeristische gids voor personen met beperkte mobiliteit in Brussel\",\"potentialAction\":[{\"@type\":\"SearchAction\",\"target\":{\"@type\":\"EntryPoint\",\"urlTemplate\":\"https:\\\/\\\/handy.brussels\\\/nl\\\/?s={search_term_string}\"},\"query-input\":{\"@type\":\"PropertyValueSpecification\",\"valueRequired\":true,\"valueName\":\"search_term_string\"}}],\"inLanguage\":\"nl-NL\"}]}<\/script>\n<!-- \/ Yoast SEO plugin. -->","yoast_head_json":{"title":"De Gids - Handy.Brussels - Brussel voor allen !","robots":{"index":"index","follow":"follow","max-snippet":"max-snippet:-1","max-image-preview":"max-image-preview:large","max-video-preview":"max-video-preview:-1"},"canonical":"https:\/\/handy.brussels\/nl\/amt-concept\/le-guide\/","og_locale":"nl_NL","og_type":"article","og_title":"De Gids - Handy.Brussels - Brussel voor allen !","og_description":"Brussel voor allen wordt Handy.Brussels om Brussel nog praktischer en toegankelijker te maken voor iedereen. Gebruikers van Brussel voor allen vinden de structuur die ze al kennen in Handy.Brussels: DE GIDS: is het hartje van de site, VERVOER: nuttige tips om in Brussel aan te komen en er te circuleren, PRAKTISCHE: waardevolle informatie over toerisme,&nbsp; &hellip;","og_url":"https:\/\/handy.brussels\/nl\/amt-concept\/le-guide\/","og_site_name":"Handy.Brussels - Brussel voor allen !","article_modified_time":"2018-02-07T17:06:21+00:00","twitter_card":"summary_large_image","twitter_misc":{"Geschatte leestijd":"2 minuten"},"schema":{"@context":"https:\/\/schema.org","@graph":[{"@type":"WebPage","@id":"https:\/\/handy.brussels\/nl\/amt-concept\/le-guide\/","url":"https:\/\/handy.brussels\/nl\/amt-concept\/le-guide\/","name":"De Gids - Handy.Brussels - Brussel voor allen !","isPartOf":{"@id":"https:\/\/handy.brussels\/nl\/#website"},"datePublished":"2017-11-21T15:49:38+00:00","dateModified":"2018-02-07T17:06:21+00:00","breadcrumb":{"@id":"https:\/\/handy.brussels\/nl\/amt-concept\/le-guide\/#breadcrumb"},"inLanguage":"nl-NL","potentialAction":[{"@type":"ReadAction","target":["https:\/\/handy.brussels\/nl\/amt-concept\/le-guide\/"]}]},{"@type":"BreadcrumbList","@id":"https:\/\/handy.brussels\/nl\/amt-concept\/le-guide\/#breadcrumb","itemListElement":[{"@type":"ListItem","position":1,"name":"Accueil","item":"https:\/\/handy.brussels\/nl\/"},{"@type":"ListItem","position":2,"name":"AMT Concept","item":"https:\/\/handy.brussels\/nl\/amt-concept\/"},{"@type":"ListItem","position":3,"name":"De Gids"}]},{"@type":"WebSite","@id":"https:\/\/handy.brussels\/nl\/#website","url":"https:\/\/handy.brussels\/nl\/","name":"Handy.Brussels - Brussel voor allen !","description":"De toeristische gids voor personen met beperkte mobiliteit in Brussel","potentialAction":[{"@type":"SearchAction","target":{"@type":"EntryPoint","urlTemplate":"https:\/\/handy.brussels\/nl\/?s={search_term_string}"},"query-input":{"@type":"PropertyValueSpecification","valueRequired":true,"valueName":"search_term_string"}}],"inLanguage":"nl-NL"}]}},"_links":{"self":[{"href":"https:\/\/handy.brussels\/nl\/wp-json\/wp\/v2\/pages\/15433\/"}],"collection":[{"href":"https:\/\/handy.brussels\/nl\/wp-json\/wp\/v2\/pages\/"}],"about":[{"href":"https:\/\/handy.brussels\/nl\/wp-json\/wp\/v2\/types\/page\/"}],"author":[{"embeddable":true,"href":"https:\/\/handy.brussels\/nl\/wp-json\/wp\/v2\/users\/5\/"}],"replies":[{"embeddable":true,"href":"https:\/\/handy.brussels\/nl\/wp-json\/wp\/v2\/comments\/?post=15433"}],"version-history":[{"count":0,"href":"https:\/\/handy.brussels\/nl\/wp-json\/wp\/v2\/pages\/15433\/revisions\/"}],"up":[{"embeddable":true,"href":"https:\/\/handy.brussels\/nl\/wp-json\/wp\/v2\/pages\/14472\/"}],"wp:attachment":[{"href":"https:\/\/handy.brussels\/nl\/wp-json\/wp\/v2\/media\/?parent=15433"}],"curies":[{"name":"wp","href":"https:\/\/api.w.org\/{rel}","templated":true}]}}