{"id":15355,"date":"2017-11-17T19:50:19","date_gmt":"2017-11-17T19:50:19","guid":{"rendered":"https:\/\/handy.brussels\/amt-concept\/nos-realisations\/"},"modified":"2025-10-29T17:31:37","modified_gmt":"2025-10-29T17:31:37","slug":"nos-realisations","status":"publish","type":"page","link":"https:\/\/handy.brussels\/nl\/amt-concept\/nos-realisations\/","title":{"rendered":"Realisaties van AMT concept"},"content":{"rendered":"<h3>Wandelroutes in het Brussels Hoofdstedelijk Gewest<\/h3>\n<p>De vzw AMT Concept heeft als missie om gemeenten te begeleiden bij de ontwikkeling van voetgangerslussen en regelmatig bewustmakingsacties te organiseren en hulp te bieden bij het verbeteren van de toegankelijkheid in de openbare ruimte, met de steun van Brussel Mobiliteit.<\/p>\n<p>Bekijken en downloaden (documenten in het frans) :<\/p>\n<ul>\n<li>-&gt; <a href=\"https:\/\/handy.brussels\/nl\/amt-concept\/nos-realisations\/1livret_2024_amt_bm_synthese-boucles-pietonnes_lowdef\/\" rel=\"attachment wp-att-25725\">1 boekje met een \u2018overzicht van voetgangerslussen\u2019<\/a> (FR) (herziene versie met opmerkingen van BM en CRR),<\/li>\n<li>-&gt; 2 affiches, een <a href=\"https:\/\/handy.brussels\/nl\/amt-concept\/nos-realisations\/affiche_amt_boucles_pietonnes_lowdef\/\" rel=\"attachment wp-att-25728\">algemene voor het Brussels Hoofdstedelijk Gewest<\/a> (FR) en een <a href=\"https:\/\/handy.brussels\/nl\/amt-concept\/nos-realisations\/affiche_amt_boucles_pietonnes-2_lowdef\/\" rel=\"attachment wp-att-25731\">meer gedetailleerde voor Schaarbeek en Evere<\/a> (FR),<\/li>\n<li>-&gt; 1 affiche <a href=\"https:\/\/handy.brussels\/nl\/amt-concept\/nos-realisations\/affiche_250324_parcours_accessible_evere_lowdef\/\" rel=\"attachment wp-att-25734\">Toegankelijke route Evere<\/a> (FR) (maandag 24 maart 2025).<\/li>\n<\/ul>\n<h3>Inclusieve routes<\/h3>\n<p>Bekijken en downloaden (documenten in het frans):<\/p>\n<ul>\n<li>-&gt; <a href=\"https:\/\/handy.brussels\/nl\/amt-concept\/nos-realisations\/3_circuits_inclusifs_livret\/\" rel=\"attachment wp-att-25719\">Presentatieboekje van de inclusieve routes<\/a>, (FR)<\/li>\n<li>-&gt; <a href=\"https:\/\/handy.brussels\/nl\/amt-concept\/nos-realisations\/affiche_amt_circuits_inclusifs_01_lowdef\/\" rel=\"attachment wp-att-25722\">Affiche van route 01, Pl Luxembourg -&gt; Pl Jourdan<\/a>. (FR)<\/li>\n<\/ul>\n<h3>Houten modules om de toegankelijkheid te verbeteren.<\/h3>\n<p>Het project bestaat uit 2 delen:<\/p>\n<ol>\n<li>Ontwerp, vervaardiging en installatie van verwijderbare houten oprijplaten voor de handelaren die positief gereageerd hebben op de oproep tot kandidaten (3 handelaren) en die een of twee stappen hebben om hun winkels binnen te gaan. Zij zullen de toegang tot het interieur van de winkels vergemakkelijken voor personen met beperkte mobiliteit.<\/li>\n<li>Ontwerp, vervaardiging en installatie van toegankelijk en inclusief houten meubilair.<br \/>\nDaartoe werden 3 meubels ontworpen en bedacht:<br \/>\n\u2013 Ronde houten tafel<br \/>\n\u2013 Ovale houten tafel<br \/>\n\u2013 Bank<\/li>\n<\/ol>\n<p>De modules zijn gemaakt door <strong><em>La Ferme Nos Pilifs<\/em><\/strong> en worden geplaatst in het kader van de week van de handicap die loopt van 26 november tot en met 3 december 2022<br \/>\nmet de steun van de Stad Brussel en Arnaud Pinxteren, Schepen voor Kinderopvang, Burgerparticipatie en Stadsvernieuwing van de Stad Brussel in het kader van<br \/>\nde Participatiebegroting 2020.<br \/>\n<a href=\"https:\/\/handy.brussels\/wp-content\/uploads\/2022\/11\/230515_Fiches_mobilier_NOH_NL.pdf\" target=\"_blank\" rel=\"noopener\">Technische Fiches van het meubilair (PDF)<\/a><\/p>\n<h3>Toegankelijke musea en toeristische attracties in Brussel<\/h3>\n<p>De ruimtelijke inrichting van de stad is apart. Door de hoge en lage delen van de stad, de straatstenen en de ongelijke stoepranden is het niet gemakkelijk om onze mooie hoofdstad te ontdekken als u een persoon met beperkte mobiliteit bent. Maak u geen zorgen, visit.brussels heeft deze brochure uitgewerkt om uw bezoek gemakkelijker te maken.<\/p>\n<p><a href=\"https:\/\/handy.brussels\/wp-content\/uploads\/2021\/09\/pmr-brochure-2018-nl.pdf\" target=\"_blank\" rel=\"noopener\">Download de brochure hier.<\/a><\/p>\n<p style=\"text-align: center;\"><a href=\"https:\/\/handy.brussels\/nl\/amt-concept\/nos-realisations\/pmr-musees_et_attractions_touristiques\/\" rel=\"attachment wp-att-24139\"><img decoding=\"async\" class=\"aligncenter wp-image-24139\" title=\"Mus\u00e9es et attractions touristiques \u00e0 Bruxelles\" src=\"https:\/\/handy.brussels\/wp-content\/uploads\/2021\/09\/pmr-Musees_et_attractions_touristiques.jpg\" alt=\"pmr : Mus\u00e9es et attractions touristiques \u00e0 Bruxelles\" width=\"157\" height=\"222\" \/><\/a><\/p>\n<h3>BE HAPPY SHOPPING : De toegankelijkheid van handelszaken<\/h3>\n<p>Deze praktische gids richt zich tot alle handelaars. Voor de detailhandel en de buurtwinkels komt het er net als voor de horecazaken op aan zo gastvrij mogelijk te zijn voor zoveel mogelijk mensen. De klanten in optimale omstandigheden ontvangen, houdt in dat met de behoeften van iedereen rekening wordt gehouden. De lijst van redenen die de verplaatsingen van een persoon kunnen bemoeilijken, is ellenlang. Denken we maar aan bejaarden, mensen met een handicap, ouders met jonge kinderen, met een kinderwagen etc.\u00a0 Een voor iedereen toegankelijke handelszaak is een rendabele investering! Hopelijk vindt u in deze gids een antwoord op uw vragen en helpt hij u op weg naar een toegankelijkheid voor iedereen en uiteindelijk naar HAPPY SHOPPING.<\/p>\n<p style=\"text-align: left;\">AMT Concept heeft deze gids gemaakt met de steun van Brussel Mobiliteit.<br \/>\nPapieren versie op aanvraag of <a href=\"https:\/\/handy.brussels\/wp-content\/uploads\/2021\/04\/210322_TOEGANKELIJKHEID_HANDELSZAKEN_NL_lowDef.pdf\" target=\"_blank\" rel=\"noopener\">download hier op handy.brussels<\/a><\/p>\n<p><a href=\"https:\/\/handy.brussels\/nl\/amt-concept\/nos-realisations\/210402_poster_be-happy_shopping_lowdef\/\" target=\"_blank\" rel=\"noopener\">Ook de poster is hier te downloaden<\/a><\/p>\n<p><a href=\"https:\/\/handy.brussels\/nl\/amt-concept\/nos-realisations\/be_happy_shopping_cover_nl_web\/\" rel=\"attachment wp-att-24065\"><img decoding=\"async\" class=\"wp-image-24065 aligncenter\" src=\"https:\/\/handy.brussels\/wp-content\/uploads\/2021\/04\/BE_HAPPY_SHOPPING_Cover_NL_web.jpg\" alt=\"BE_HAPPY_SHOPPING_Cover_N\" width=\"107\" height=\"151\" srcset=\"https:\/\/handy.brussels\/wp-content\/uploads\/2021\/04\/BE_HAPPY_SHOPPING_Cover_NL_web.jpg 421w, https:\/\/handy.brussels\/wp-content\/uploads\/2021\/04\/BE_HAPPY_SHOPPING_Cover_NL_web-212x300.jpg 212w\" sizes=\"(max-width: 107px) 100vw, 107px\" \/><\/a><\/p>\n<h3><\/h3>\n<h3><em>Wordt vertaald :<\/em><\/h3>\n<h3>Le guide Handi Cap Sport 2018<\/h3>\n<p><a href=\"https:\/\/handy.brussels\/190228_handi_cap_sport_guide-digital\/\" target=\"_blank\" rel=\"noopener\">L\u2019\u00e9dition 2018 du guide <strong><em>Handi Cap Sport<\/em><\/strong> est t\u00e9l\u00e9chargeable ici<\/a>. Le guide a pour ambition de sensibiliser et d\u2019informer les clubs, les Communes et les associations sportives en R\u00e9gion de Bruxelles-Capitale sur les conditions n\u00e9cessaires \u00e0 rencontrer afin de d\u00e9velopper des activit\u00e9s adapt\u00e9es.<br \/>\nL\u2019\u00e9dition pr\u00e9sent\u00e9e cette ann\u00e9e constitue donc une mise \u00e0 jour du <strong><em>Guide des Sports<\/em><\/strong> de 2008 avec une nouveaut\u00e9 importante par sa conception en deux volets\u00a0;<\/p>\n<ul>\n<li><strong>1<\/strong>. <u>un guide \u2018papier\u2019<\/u> qui permet un acc\u00e8s classique par la lecture de la brochure (36p + couverture).<\/li>\n<li><strong>2<\/strong>. <u>un guide \u00e9lectronique<\/u>: augment\u00e9 d\u2019annexes et est constitu\u00e9 de fa\u00e7on interactive afin de faciliter l\u2019acc\u00e8s rapide par des hyperliens vers les informations tant internes au guide <strong><em>Handi Cap Sport<\/em><\/strong> qu\u2019externes vers d\u2019autres sites ou ressources \u00e9lectroniques.<\/li>\n<\/ul>\n<p>Ce choix de fonctionnement en deux entit\u00e9s pour un seul et m\u00eame guide est motiv\u00e9 par des raisons de durabilit\u00e9 et d\u2019acc\u00e8s facile \u00e0 l\u2019information. Cette solution permet \u00e0 terme des mises \u00e0 jour ais\u00e9es dans la version \u00e9lectronique. Par ailleurs, les informations relatives aux infrastructures sportives adapt\u00e9es seront r\u00e9percut\u00e9es sur ce site.<\/p>\n<h3>Le guide papier Bruxelles Pour Tous 2017<\/h3>\n<p>Le guide papier Bruxelles Pour Tous se positionne plus que jamais en guide ressource qui renvoie aux informations disponibles en ligne.<br \/>\nLa version papier propose des informations choisies de fa\u00e7on \u00e0 fonctionner dans un volume papier r\u00e9duit, concis et pratique \u00e0 manipuler.<\/p>\n<h3>Guide d\u2019aide \u00e0 la conception d\u2019un b\u00e2timent accessible 2017<\/h3>\n<p>Nouvelle \u00e9dition 2017<\/p>\n<h3>Partenariat avec Atrium<\/h3>\n<p>Une \u00e9quipe de collaborateurs d\u2019Atrium a \u00e9t\u00e9 form\u00e9e \u00e0 analyser, sur base de crit\u00e8res pr\u00e9cis et exhaustifs, l\u2019accessibilit\u00e9 d\u2019un commerce : largeur de la porte, pr\u00e9sence \u00e9ventuelle de marches, espace (&#8230;)<\/p>\n<h3>Accessible Buildings, film 3d<\/h3>\n<p>Une animation r\u00e9alis\u00e9e dans le cadre de la promotion du Guide d\u2019aide \u00e0 la construction d\u2019un b\u00e2timent accessible. Direction du projet Miguel Gerez &#8211; AMT Concept. Un film de S\u00e9raphine Graphics. (&#8230;)<\/p>\n<h3>Affiche du Guide d\u2019aide \u00e0 la conception d\u2019un b\u00e2timent accessible<\/h3>\n<p>Le projet men\u00e9 par le collectif CAWaB (Collectif Accessibilit\u00e9 Wallonie-Bruxelles) est un guide qui est destin\u00e9 aux professionnels de la construction, les concepteurs, les entrepreneurs, les (&#8230;)<\/p>\n<h3>Bruxelles Pour Tous 2016<\/h3>\n<p>Cet \u00e9t\u00e9 2016, \u00e0 l\u2019occasion des vacances annuelles, la Ministre, Membre du Gouvernement francophone bruxellois, en charge de la Politique d\u2019Aide aux Personnes Handicap\u00e9es, le Ministre-Pr\u00e9sident du (&#8230;)<\/p>\n<h3>Nouveau guide pratique de d\u00e9placement et d\u2019accessibilit\u00e9 dans le quartier europ\u00e9en<\/h3>\n<p>Pour ses d\u00e9buts, ce guide pr\u00e9sente des conseils de voyages et des suggestions sur les lieux touristiques accessibles dans le quartier europ\u00e9en. Les informations reprises en priorit\u00e9 sont (&#8230;)<\/p>\n<h3>Nouvelle publication : HANDI CAP LOGEMENT<\/h3>\n<p>Dynamiser le d\u00e9veloppement de l\u2019accessibilit\u00e9 afin d\u2019optimiser l\u2019autonomie des personnes \u00e0 mobilit\u00e9 r\u00e9duite est une exigence importante \u00e0 ne pas n\u00e9gliger, d\u2019autant que nous sommes tous susceptibles d\u2019\u00eatre (&#8230;)<\/p>\n<h3>Le guide \u00ab Bruxelles pour Tous \u00bb a 10 ans<\/h3>\n<p>Le guide Bruxelles Pour Tous se positionne en guide ressource qui s\u2019articule sur le site Internet www.bruxellespourtous.be. La version papier propose des informations simples et concises (&#8230;)<\/p>\n<h3>Petit Manuel&#8230;<\/h3>\n<p>La r\u00e8gle g\u00e9n\u00e9rale Concentrez-vous sur la capacit\u00e9 plut\u00f4t que sur l\u2019incapacit\u00e9. Ne soyez pas g\u00ean\u00e9 d\u2019employer la terminologie de tous les jours. Vous pouvez en toute libert\u00e9 utiliser des termes tels que \u00ab (&#8230;)<\/p>\n<h3>Tennis accessible \u00e0 tous<\/h3>\n<p>Depuis juin 2010, le Complexe Sportif Terdelt de Schaerbeek est devenu accessible \u00e0 tous le sportifs. Dor\u00e9navant, les personnes en chaise roulante peuvent avoir acc\u00e8s \u00e0 toutes les infrastructures du (&#8230;)<\/p>\n<h3>Parcours de sensibilisation COCOF<\/h3>\n<p>Ce parcours de sensibilisation \u00e0 l\u2019accessibilit\u00e9 PMR cr\u00e9\u00e9 en 2008 par AMT Concept, appartient depuis lors au Service Phare. Ce mod\u00e8le d\u2019espace public en miniature, permet \u00e0 tout en chacun, de mieux (&#8230;)<\/p>\n<h3>Participation au colloque de l\u2019Universit\u00e9 de Varese, Italie<\/h3>\n<p>Universit\u00e9 de Varese, lors du colloque de mai 2007 relatif au d\u00e9veloppement du tourisme dans la r\u00e9gion de Var\u00e8se, AMT Concept a \u00e9t\u00e9 sollicit\u00e9 pour montrer son travail en Belgique et expliquer le (&#8230;)<\/p>\n<h3>Guide Sports &amp; Handicaps<\/h3>\n<p>L\u2019accessibilit\u00e9 des infrastructures sportives en R\u00e9gion de Bruxelles-Capitale. La participation aux loisirs et, plus particuli\u00e8rement, la pratique d\u2019un sport constitue un des facteurs importants de (&#8230;)<\/p>\n<h3>\u00c9laboration d\u2019un sch\u00e9ma global de plan pi\u00e9ton pour la R\u00e9gion de Bruxelles-Capitale<\/h3>\n<p>Le plan pi\u00e9ton est une contribution \u00e0 une politique de promotion de la mobilit\u00e9 douce pour pr\u00e9parer des actions en faveur des PMR, c\u2019est-\u00e0-dire des actions pour tous les pi\u00e9tons. En effet, les (&#8230;)<\/p>\n<h3>Cycle de formation destin\u00e9 aux agents de Bruxelles Mobilit\u00e9<\/h3>\n<p>Mise en situation et \u00e9tude de cas. Le mardi 24 et le vendredi 27 novembre 2009, de 9h \u00e0 16h, s\u2019est d\u00e9roul\u00e9e une formation donn\u00e9e par l\u2019asbl AMT Concept et destin\u00e9e aux agents de Bruxelles Mobilit\u00e9. (&#8230;)<\/p>\n<h3>Formation en mobilit\u00e9 douce pour les agents de la STIB<\/h3>\n<p>Description du projet Objectifs du projet et rapport avec la mobilit\u00e9 en R\u00e9gion de Bruxelles-Capitale L\u2019objectif est de sensibiliser les agents de la STIB, en particulier ceux en charge des (&#8230;)<\/p>\n<h3>Handicap et accessibilit\u00e9 durable<\/h3>\n<p>POUR UNE MEILLEURE QUALIT\u00c9 DE VIE POUR TOUS ! CYCLE DE FORMATION CONTINUE DESTIN\u00c9 AU PERSONNEL COMMUNAL ET R\u00c9GIONAL. ORGANIS\u00c9 \u00c0 L\u2019INITIATIVE DE MADAME LA MINISTRE FRAN\u00c7OISE DUPUIS PAR L\u2019ASBL AMT (&#8230;)<\/p>\n<h3>Visites guid\u00e9es pour tous<\/h3>\n<p>A l\u2019initiative de la Ministre Huytebroeck, des visites guid\u00e9es, &#8220;mixtes&#8221; (m\u00e9langeant personnes valides et \u00e0 mobilit\u00e9 r\u00e9duite), de l\u2019association &#8220;Voir et dire Bruxelles&#8221; ont \u00e9t\u00e9 adapt\u00e9es. La premi\u00e8re (&#8230;)<\/p>\n<h3>Mobilit\u00e9 pour Tous : boucles pi\u00e9tonnes<\/h3>\n<p>Boucles pi\u00e9tonnes \u00e0 Evere et Watermael-Boisfort Se d\u00e9placer dans les rues parsem\u00e9es d\u2019obstacles, aller faire ses courses ou au cin\u00e9ma, utiliser les transports en commun, se rendre \u00e0 la poste\u2026 des (&#8230;)<\/p>\n","protected":false},"excerpt":{"rendered":"<p>Wandelroutes in het Brussels Hoofdstedelijk Gewest De vzw AMT Concept heeft als missie om gemeenten te begeleiden bij de ontwikkeling van voetgangerslussen en regelmatig bewustmakingsacties te organiseren en hulp te bieden bij het verbeteren van de toegankelijkheid in de openbare ruimte, met de steun van Brussel Mobiliteit. Bekijken en downloaden (documenten in het frans) :&nbsp; <a href=\"https:\/\/handy.brussels\/nl\/amt-concept\/nos-realisations\/\">&hellip; <\/a><\/p>\n","protected":false},"author":5,"featured_media":0,"parent":14472,"menu_order":0,"comment_status":"closed","ping_status":"closed","template":"","meta":{"_acf_changed":false,"footnotes":""},"class_list":["post-15355","page","type-page","status-publish","hentry"],"acf":[],"yoast_head":"<!-- This site is optimized with the Yoast SEO plugin v27.4 - https:\/\/yoast.com\/product\/yoast-seo-wordpress\/ -->\n<title>Realisaties van AMT concept - Handy.Brussels - Brussel voor allen !<\/title>\n<meta name=\"robots\" content=\"index, follow, max-snippet:-1, max-image-preview:large, max-video-preview:-1\" \/>\n<link rel=\"canonical\" href=\"https:\/\/handy.brussels\/nl\/amt-concept\/nos-realisations\/\" \/>\n<meta property=\"og:locale\" content=\"nl_NL\" \/>\n<meta property=\"og:type\" content=\"article\" \/>\n<meta property=\"og:title\" content=\"Realisaties van AMT concept - Handy.Brussels - Brussel voor allen !\" \/>\n<meta property=\"og:description\" content=\"Wandelroutes in het Brussels Hoofdstedelijk Gewest De vzw AMT Concept heeft als missie om gemeenten te begeleiden bij de ontwikkeling van voetgangerslussen en regelmatig bewustmakingsacties te organiseren en hulp te bieden bij het verbeteren van de toegankelijkheid in de openbare ruimte, met de steun van Brussel Mobiliteit. Bekijken en downloaden (documenten in het frans) :&nbsp; &hellip;\" \/>\n<meta property=\"og:url\" content=\"https:\/\/handy.brussels\/nl\/amt-concept\/nos-realisations\/\" \/>\n<meta property=\"og:site_name\" content=\"Handy.Brussels - Brussel voor allen !\" \/>\n<meta property=\"article:modified_time\" content=\"2025-10-29T17:31:37+00:00\" \/>\n<meta property=\"og:image\" content=\"https:\/\/handy.brussels\/wp-content\/uploads\/2021\/09\/pmr-Musees_et_attractions_touristiques-e1633029662310.jpg\" \/>\n\t<meta property=\"og:image:width\" content=\"564\" \/>\n\t<meta property=\"og:image:height\" content=\"800\" \/>\n\t<meta property=\"og:image:type\" content=\"image\/jpeg\" \/>\n<meta name=\"twitter:card\" content=\"summary_large_image\" \/>\n<meta name=\"twitter:label1\" content=\"Geschatte leestijd\" \/>\n\t<meta name=\"twitter:data1\" content=\"8 minuten\" \/>\n<script type=\"application\/ld+json\" class=\"yoast-schema-graph\">{\"@context\":\"https:\\\/\\\/schema.org\",\"@graph\":[{\"@type\":\"WebPage\",\"@id\":\"https:\\\/\\\/handy.brussels\\\/nl\\\/amt-concept\\\/nos-realisations\\\/\",\"url\":\"https:\\\/\\\/handy.brussels\\\/nl\\\/amt-concept\\\/nos-realisations\\\/\",\"name\":\"Realisaties van AMT concept - Handy.Brussels - Brussel voor allen !\",\"isPartOf\":{\"@id\":\"https:\\\/\\\/handy.brussels\\\/nl\\\/#website\"},\"primaryImageOfPage\":{\"@id\":\"https:\\\/\\\/handy.brussels\\\/nl\\\/amt-concept\\\/nos-realisations\\\/#primaryimage\"},\"image\":{\"@id\":\"https:\\\/\\\/handy.brussels\\\/nl\\\/amt-concept\\\/nos-realisations\\\/#primaryimage\"},\"thumbnailUrl\":\"https:\\\/\\\/handy.brussels\\\/wp-content\\\/uploads\\\/2021\\\/09\\\/pmr-Musees_et_attractions_touristiques.jpg\",\"datePublished\":\"2017-11-17T19:50:19+00:00\",\"dateModified\":\"2025-10-29T17:31:37+00:00\",\"breadcrumb\":{\"@id\":\"https:\\\/\\\/handy.brussels\\\/nl\\\/amt-concept\\\/nos-realisations\\\/#breadcrumb\"},\"inLanguage\":\"nl-NL\",\"potentialAction\":[{\"@type\":\"ReadAction\",\"target\":[\"https:\\\/\\\/handy.brussels\\\/nl\\\/amt-concept\\\/nos-realisations\\\/\"]}]},{\"@type\":\"ImageObject\",\"inLanguage\":\"nl-NL\",\"@id\":\"https:\\\/\\\/handy.brussels\\\/nl\\\/amt-concept\\\/nos-realisations\\\/#primaryimage\",\"url\":\"https:\\\/\\\/handy.brussels\\\/wp-content\\\/uploads\\\/2021\\\/09\\\/pmr-Musees_et_attractions_touristiques.jpg\",\"contentUrl\":\"https:\\\/\\\/handy.brussels\\\/wp-content\\\/uploads\\\/2021\\\/09\\\/pmr-Musees_et_attractions_touristiques.jpg\"},{\"@type\":\"BreadcrumbList\",\"@id\":\"https:\\\/\\\/handy.brussels\\\/nl\\\/amt-concept\\\/nos-realisations\\\/#breadcrumb\",\"itemListElement\":[{\"@type\":\"ListItem\",\"position\":1,\"name\":\"Accueil\",\"item\":\"https:\\\/\\\/handy.brussels\\\/nl\\\/\"},{\"@type\":\"ListItem\",\"position\":2,\"name\":\"AMT Concept\",\"item\":\"https:\\\/\\\/handy.brussels\\\/nl\\\/amt-concept\\\/\"},{\"@type\":\"ListItem\",\"position\":3,\"name\":\"Realisaties van AMT concept\"}]},{\"@type\":\"WebSite\",\"@id\":\"https:\\\/\\\/handy.brussels\\\/nl\\\/#website\",\"url\":\"https:\\\/\\\/handy.brussels\\\/nl\\\/\",\"name\":\"Handy.Brussels - Brussel voor allen !\",\"description\":\"De toeristische gids voor personen met beperkte mobiliteit in Brussel\",\"potentialAction\":[{\"@type\":\"SearchAction\",\"target\":{\"@type\":\"EntryPoint\",\"urlTemplate\":\"https:\\\/\\\/handy.brussels\\\/nl\\\/?s={search_term_string}\"},\"query-input\":{\"@type\":\"PropertyValueSpecification\",\"valueRequired\":true,\"valueName\":\"search_term_string\"}}],\"inLanguage\":\"nl-NL\"}]}<\/script>\n<!-- \/ Yoast SEO plugin. -->","yoast_head_json":{"title":"Realisaties van AMT concept - Handy.Brussels - Brussel voor allen !","robots":{"index":"index","follow":"follow","max-snippet":"max-snippet:-1","max-image-preview":"max-image-preview:large","max-video-preview":"max-video-preview:-1"},"canonical":"https:\/\/handy.brussels\/nl\/amt-concept\/nos-realisations\/","og_locale":"nl_NL","og_type":"article","og_title":"Realisaties van AMT concept - Handy.Brussels - Brussel voor allen !","og_description":"Wandelroutes in het Brussels Hoofdstedelijk Gewest De vzw AMT Concept heeft als missie om gemeenten te begeleiden bij de ontwikkeling van voetgangerslussen en regelmatig bewustmakingsacties te organiseren en hulp te bieden bij het verbeteren van de toegankelijkheid in de openbare ruimte, met de steun van Brussel Mobiliteit. Bekijken en downloaden (documenten in het frans) :&nbsp; &hellip;","og_url":"https:\/\/handy.brussels\/nl\/amt-concept\/nos-realisations\/","og_site_name":"Handy.Brussels - Brussel voor allen !","article_modified_time":"2025-10-29T17:31:37+00:00","og_image":[{"width":564,"height":800,"url":"https:\/\/handy.brussels\/wp-content\/uploads\/2021\/09\/pmr-Musees_et_attractions_touristiques-e1633029662310.jpg","type":"image\/jpeg"}],"twitter_card":"summary_large_image","twitter_misc":{"Geschatte leestijd":"8 minuten"},"schema":{"@context":"https:\/\/schema.org","@graph":[{"@type":"WebPage","@id":"https:\/\/handy.brussels\/nl\/amt-concept\/nos-realisations\/","url":"https:\/\/handy.brussels\/nl\/amt-concept\/nos-realisations\/","name":"Realisaties van AMT concept - Handy.Brussels - Brussel voor allen !","isPartOf":{"@id":"https:\/\/handy.brussels\/nl\/#website"},"primaryImageOfPage":{"@id":"https:\/\/handy.brussels\/nl\/amt-concept\/nos-realisations\/#primaryimage"},"image":{"@id":"https:\/\/handy.brussels\/nl\/amt-concept\/nos-realisations\/#primaryimage"},"thumbnailUrl":"https:\/\/handy.brussels\/wp-content\/uploads\/2021\/09\/pmr-Musees_et_attractions_touristiques.jpg","datePublished":"2017-11-17T19:50:19+00:00","dateModified":"2025-10-29T17:31:37+00:00","breadcrumb":{"@id":"https:\/\/handy.brussels\/nl\/amt-concept\/nos-realisations\/#breadcrumb"},"inLanguage":"nl-NL","potentialAction":[{"@type":"ReadAction","target":["https:\/\/handy.brussels\/nl\/amt-concept\/nos-realisations\/"]}]},{"@type":"ImageObject","inLanguage":"nl-NL","@id":"https:\/\/handy.brussels\/nl\/amt-concept\/nos-realisations\/#primaryimage","url":"https:\/\/handy.brussels\/wp-content\/uploads\/2021\/09\/pmr-Musees_et_attractions_touristiques.jpg","contentUrl":"https:\/\/handy.brussels\/wp-content\/uploads\/2021\/09\/pmr-Musees_et_attractions_touristiques.jpg"},{"@type":"BreadcrumbList","@id":"https:\/\/handy.brussels\/nl\/amt-concept\/nos-realisations\/#breadcrumb","itemListElement":[{"@type":"ListItem","position":1,"name":"Accueil","item":"https:\/\/handy.brussels\/nl\/"},{"@type":"ListItem","position":2,"name":"AMT Concept","item":"https:\/\/handy.brussels\/nl\/amt-concept\/"},{"@type":"ListItem","position":3,"name":"Realisaties van AMT concept"}]},{"@type":"WebSite","@id":"https:\/\/handy.brussels\/nl\/#website","url":"https:\/\/handy.brussels\/nl\/","name":"Handy.Brussels - Brussel voor allen !","description":"De toeristische gids voor personen met beperkte mobiliteit in Brussel","potentialAction":[{"@type":"SearchAction","target":{"@type":"EntryPoint","urlTemplate":"https:\/\/handy.brussels\/nl\/?s={search_term_string}"},"query-input":{"@type":"PropertyValueSpecification","valueRequired":true,"valueName":"search_term_string"}}],"inLanguage":"nl-NL"}]}},"_links":{"self":[{"href":"https:\/\/handy.brussels\/nl\/wp-json\/wp\/v2\/pages\/15355\/"}],"collection":[{"href":"https:\/\/handy.brussels\/nl\/wp-json\/wp\/v2\/pages\/"}],"about":[{"href":"https:\/\/handy.brussels\/nl\/wp-json\/wp\/v2\/types\/page\/"}],"author":[{"embeddable":true,"href":"https:\/\/handy.brussels\/nl\/wp-json\/wp\/v2\/users\/5\/"}],"replies":[{"embeddable":true,"href":"https:\/\/handy.brussels\/nl\/wp-json\/wp\/v2\/comments\/?post=15355"}],"version-history":[{"count":20,"href":"https:\/\/handy.brussels\/nl\/wp-json\/wp\/v2\/pages\/15355\/revisions\/"}],"predecessor-version":[{"id":25750,"href":"https:\/\/handy.brussels\/nl\/wp-json\/wp\/v2\/pages\/15355\/revisions\/25750\/"}],"up":[{"embeddable":true,"href":"https:\/\/handy.brussels\/nl\/wp-json\/wp\/v2\/pages\/14472\/"}],"wp:attachment":[{"href":"https:\/\/handy.brussels\/nl\/wp-json\/wp\/v2\/media\/?parent=15355"}],"curies":[{"name":"wp","href":"https:\/\/api.w.org\/{rel}","templated":true}]}}