{"id":15434,"date":"2017-11-21T15:49:38","date_gmt":"2017-11-21T15:49:38","guid":{"rendered":"https:\/\/handy.brussels\/le-guide\/"},"modified":"2018-02-07T17:07:07","modified_gmt":"2018-02-07T17:07:07","slug":"le-guide","status":"publish","type":"page","link":"https:\/\/handy.brussels\/en\/amt-concept\/le-guide\/","title":{"rendered":"The Guide"},"content":{"rendered":"<div id=\"gt-res-content\">\n<h3 id=\"gt-community-card-c\"><span id=\"result_box\" class=\"\" lang=\"en\"><span title=\"Bruxelles pour tous devient Handy.Brussels pour rendre Bruxelles encore plus pratique et accessible \u00e0 tous. \"><em>Brussels for all <\/em>becomes <em>Handy.Brussels<\/em> to make Brussels even more handy and accessible to all.<\/span><\/span><\/h3>\n<div>\n<p><span id=\"result_box\" class=\"\" lang=\"en\"><span title=\"Les utilisateurs du Bruxelles Pour Tous retrouveront la structure qu\u2019ils connaissent dans Handy.Brussels : \u00a0\u00a0\u00a0\u00a0\">Users of Brussels For All will find back the structure they know in Handy.Brussels:<\/span><\/span><\/p>\n<ul>\n<li><span title=\"LE GUIDE : c\u2019est le c\u0153ur du dispositif, \u00a0\u00a0\u00a0\u00a0\">THE GUIDE: is the heart of the site,<\/span><\/li>\n<li><span title=\"LES TRANSPORTS : pages utiles pour arriver \u00e0 Bruxelles et y circuler, \u00a0\u00a0\u00a0\u00a0\">TRANSPORT: useful pages to arrive in Brussels and to circulate there,<\/span><\/li>\n<li><span title=\"PRATIQUE : infos pr\u00e9cieuses concernant, le tourisme, les associations, la sant\u00e9, la poste, \u2026 \u00a0\u00a0\u00a0\u00a0\">PRACTICAL: valuable information about, tourism, associations, health, post office, &#8230;<\/span><\/li>\n<li><span title=\"AMT Concept : Edito(s), pr\u00e9sentations des pictogrammes, Acces-i, pr\u00e9sentation de AMT, \u2026 \u00a0\u00a0\u00a0\u00a0\">AMT Concept: Editorial (s), presentation of pictograms, Acces-i, presentation of AMT, &#8230;<\/span><\/li>\n<li><span title=\"ACTUALITES : Les news que l\u2019on trouve sur la page d\u2019accueil, les plus r\u00e9centes en premier. \">NEWS: The news on the homepage, the most recent ones first.<\/span><\/li>\n<\/ul>\n<p><span title=\"D\u00e9sormais le site est adapt\u00e9 aussi-bien aux mobiles qu\u2019aux tablettes et \u00e9crans \u2018classiques\u2019. \">From now on the site is adapted as well to mobiles as to tablets and &#8216;classic&#8217; screens.<br \/>\n<\/span><strong><span title=\"Voici quelques nouveaut\u00e9s de la webApp Handy.Brussels pour les utilisateurs sur mobile. \u00a0\u00a0\u00a0\u00a0\">Here are some new features from the webApp <em>Handy.Brussels<\/em> for mobile users.<\/span><\/strong><\/p>\n<ul>\n<li><span title=\"Affichage responsive et fonctionnalit\u00e9s adapt\u00e9es aux interfaces mobiles \u00a0\u00a0\u00a0\u00a0\"><strong>Responsive display<\/strong> and features adapted to mobile interfaces.<\/span><\/li>\n<li><span title=\"G\u00e9olocalisation des adresses sur la carte.\"><strong>Geolocation of addresses<\/strong> on the map. <\/span><span title=\"Elles peuvent s\u2019afficher de fa\u00e7on s\u00e9lective moyennant l\u2019interaction de trois filtres ; \u00a0\u00a0\u00a0\u00a0\">They can be displayed selectively through the interaction of three filters;<br \/>\n<\/span><span title=\"Cat\u00e9gorie de lieu - Type de handicap - Code postal. \u00a0\u00a0\u00a0\u00a0\">Category &#8211; Type of disability &#8211; Postal code.<\/span><\/li>\n<li><span title=\"Itin\u00e9raire, via un lien qui renvoie \u00e0 la fonction de Gmaps. \u00a0\u00a0\u00a0\u00a0\"><strong>Route<\/strong>, via a link that refers to the function of Gmaps.<\/span><\/li>\n<li><span title=\"Interactivit\u00e9 avec les usagers par la possibilit\u00e9 de : \u00a0\u00a0\u00a0\u00a0\"><strong>Interactivity with user<\/strong>s trough the possibility of:<br \/>\n<\/span><span title=\"-&gt; donner une cote lorsque l\u2019on a test\u00e9 une adresse du guide.\">-&gt; give a rating when you have tested a guide address. <\/span><span title=\"En cinq points, par demi (donc dix).\">In five points, per half (so ten). <\/span><span title=\"La moyenne attribu\u00e9e s\u2019affiche en haut de page de cette adresse. \u00a0\u00a0\u00a0\u00a0\">The assigned average is displayed on the top of this address.<br \/>\n<\/span><span title=\"-&gt; envoyer son commentaire \u00e0 Handy.Brussels pour commenter une adresse. \u00a0\u00a0\u00a0\u00a0\">-&gt; send comment to Handy.Brussels.<\/span><\/li>\n<li><span title=\"Possibilit\u00e9 d\u2019ic\u00f4ne sur l\u2019\u00e9cran d\u2019accueil en guise signet pour lancer la webApp. \"><strong>Possibility of icon<\/strong> on the screen of your mobile as a bookmark to launch the webApp.<\/span><\/li>\n<\/ul>\n<p><strong><span title=\"Pour les utilisateurs sur \u00e9cran 'classique' \u00a0\u00a0\u00a0\u00a0\">For users on &#8216;classic&#8217; screen<\/span><\/strong><\/p>\n<ul>\n<li><span title=\"Affichage adapt\u00e9 (aussi) aux PC et tablettes pour un usage sur grand \u00e9cran au travail ou \u00e0 la maison. \u00a0\u00a0\u00a0\u00a0\"><strong>Display suitable (also) for PCs and tablets<\/strong> for widescreen use at work or at home.<\/span><\/li>\n<li><span title=\"Le moteur de recherche offre plus de possibilit\u00e9s, du fait de la nouvelle structure de la base de donn\u00e9es. \u00a0\u00a0\u00a0\u00a0\"><strong>The search engine offers more possibilities<\/strong>, because of the new structure of the database.<br \/>\n<\/span><span title=\"Que ce soit par la loupe \u2018Rechercher\u2019, sur la page MAP, ou via le GUIDE, l\u2019on a la possibilit\u00e9 de rechercher une adresse par un, deux ou trois crit\u00e8res ; \u00a0\u00a0\u00a0\u00a0\">Whether through the magnifying glass &#8216;Search&#8217;, the MAP page, or via the GUIDE, a search can be done for an address with one, two or three criteria;<br \/>\n<\/span><span title=\"Cat\u00e9gorie de lieu - Type de handicap - Code postal. \u00a0\u00a0\u00a0\u00a0\">Place category &#8211; Type of disability &#8211; Postal code.<\/span><\/li>\n<li><span title=\"Une m\u00eame base de donn\u00e9es alimente le site et la webApp.\"><strong>A single database feeds the site and the webApp<\/strong>. <\/span><span title=\"Ce qui implique une seule et unique intervention pour la mise \u00e0 jour pour tous supports. \u00a0\u00a0\u00a0\u00a0\">This implies a single intervention for the update for all media.<br \/>\n<\/span><span title=\"Essentiel, si l\u2019on veut garder la souplesse d\u2019une petite asbl telle que AMT Concept.\">Essential, if we want to keep the flexibility of a small organization such as AMT Concept.<\/span><\/li>\n<\/ul>\n<p><a href=\"https:\/\/handy.brussels\/wp-content\/uploads\/2018\/02\/Brussels-for-all_2017-2018_EN_lowdef-1.pdf\" target=\"_blank\" rel=\"noopener\">Brussels for all 2017-2018 english version for print (lowdef)<\/a><\/p>\n<\/div>\n<\/div>\n<div id=\"gt-form-c\">\n<form id=\"gt-form\" action=\"\/\" enctype=\"application\/x-www-form-urlencoded\" method=\"post\" name=\"text_form\"><\/form>\n<\/div>\n","protected":false},"excerpt":{"rendered":"<p>Brussels for all becomes Handy.Brussels to make Brussels even more handy and accessible to all. Users of Brussels For All will find back the structure they know in Handy.Brussels: THE GUIDE: is the heart of the site, TRANSPORT: useful pages to arrive in Brussels and to circulate there, PRACTICAL: valuable information about, tourism, associations, health,&nbsp; <a href=\"https:\/\/handy.brussels\/en\/amt-concept\/le-guide\/\">&hellip; <\/a><\/p>\n","protected":false},"author":5,"featured_media":0,"parent":14473,"menu_order":0,"comment_status":"closed","ping_status":"closed","template":"","meta":{"_acf_changed":false,"footnotes":""},"class_list":["post-15434","page","type-page","status-publish","hentry"],"acf":[],"yoast_head":"<!-- This site is optimized with the Yoast SEO plugin v27.4 - https:\/\/yoast.com\/product\/yoast-seo-wordpress\/ -->\n<title>The Guide - Handy.Brussels - Brussels for All !<\/title>\n<meta name=\"robots\" content=\"index, follow, max-snippet:-1, max-image-preview:large, max-video-preview:-1\" \/>\n<link rel=\"canonical\" href=\"https:\/\/handy.brussels\/en\/amt-concept\/le-guide\/\" \/>\n<meta property=\"og:locale\" content=\"en_US\" \/>\n<meta property=\"og:type\" content=\"article\" \/>\n<meta property=\"og:title\" content=\"The Guide - Handy.Brussels - Brussels for All !\" \/>\n<meta property=\"og:description\" content=\"Brussels for all becomes Handy.Brussels to make Brussels even more handy and accessible to all. Users of Brussels For All will find back the structure they know in Handy.Brussels: THE GUIDE: is the heart of the site, TRANSPORT: useful pages to arrive in Brussels and to circulate there, PRACTICAL: valuable information about, tourism, associations, health,&nbsp; &hellip;\" \/>\n<meta property=\"og:url\" content=\"https:\/\/handy.brussels\/en\/amt-concept\/le-guide\/\" \/>\n<meta property=\"og:site_name\" content=\"Handy.Brussels - Brussels for All !\" \/>\n<meta property=\"article:modified_time\" content=\"2018-02-07T17:07:07+00:00\" \/>\n<meta name=\"twitter:card\" content=\"summary_large_image\" \/>\n<meta name=\"twitter:label1\" content=\"Est. reading time\" \/>\n\t<meta name=\"twitter:data1\" content=\"2 minutes\" \/>\n<script type=\"application\/ld+json\" class=\"yoast-schema-graph\">{\"@context\":\"https:\\\/\\\/schema.org\",\"@graph\":[{\"@type\":\"WebPage\",\"@id\":\"https:\\\/\\\/handy.brussels\\\/en\\\/amt-concept\\\/le-guide\\\/\",\"url\":\"https:\\\/\\\/handy.brussels\\\/en\\\/amt-concept\\\/le-guide\\\/\",\"name\":\"The Guide - Handy.Brussels - Brussels for All !\",\"isPartOf\":{\"@id\":\"https:\\\/\\\/handy.brussels\\\/nl\\\/#website\"},\"datePublished\":\"2017-11-21T15:49:38+00:00\",\"dateModified\":\"2018-02-07T17:07:07+00:00\",\"breadcrumb\":{\"@id\":\"https:\\\/\\\/handy.brussels\\\/en\\\/amt-concept\\\/le-guide\\\/#breadcrumb\"},\"inLanguage\":\"en-US\",\"potentialAction\":[{\"@type\":\"ReadAction\",\"target\":[\"https:\\\/\\\/handy.brussels\\\/en\\\/amt-concept\\\/le-guide\\\/\"]}]},{\"@type\":\"BreadcrumbList\",\"@id\":\"https:\\\/\\\/handy.brussels\\\/en\\\/amt-concept\\\/le-guide\\\/#breadcrumb\",\"itemListElement\":[{\"@type\":\"ListItem\",\"position\":1,\"name\":\"Accueil\",\"item\":\"https:\\\/\\\/handy.brussels\\\/nl\\\/\"},{\"@type\":\"ListItem\",\"position\":2,\"name\":\"AMT Concept\",\"item\":\"https:\\\/\\\/handy.brussels\\\/en\\\/amt-concept\\\/\"},{\"@type\":\"ListItem\",\"position\":3,\"name\":\"The Guide\"}]},{\"@type\":\"WebSite\",\"@id\":\"https:\\\/\\\/handy.brussels\\\/nl\\\/#website\",\"url\":\"https:\\\/\\\/handy.brussels\\\/nl\\\/\",\"name\":\"Handy.Brussels - Brussels for All !\",\"description\":\"The guide for the tourist with reduced mobility in Brussels\",\"potentialAction\":[{\"@type\":\"SearchAction\",\"target\":{\"@type\":\"EntryPoint\",\"urlTemplate\":\"https:\\\/\\\/handy.brussels\\\/nl\\\/?s={search_term_string}\"},\"query-input\":{\"@type\":\"PropertyValueSpecification\",\"valueRequired\":true,\"valueName\":\"search_term_string\"}}],\"inLanguage\":\"en-US\"}]}<\/script>\n<!-- \/ Yoast SEO plugin. -->","yoast_head_json":{"title":"The Guide - Handy.Brussels - Brussels for All !","robots":{"index":"index","follow":"follow","max-snippet":"max-snippet:-1","max-image-preview":"max-image-preview:large","max-video-preview":"max-video-preview:-1"},"canonical":"https:\/\/handy.brussels\/en\/amt-concept\/le-guide\/","og_locale":"en_US","og_type":"article","og_title":"The Guide - Handy.Brussels - Brussels for All !","og_description":"Brussels for all becomes Handy.Brussels to make Brussels even more handy and accessible to all. Users of Brussels For All will find back the structure they know in Handy.Brussels: THE GUIDE: is the heart of the site, TRANSPORT: useful pages to arrive in Brussels and to circulate there, PRACTICAL: valuable information about, tourism, associations, health,&nbsp; &hellip;","og_url":"https:\/\/handy.brussels\/en\/amt-concept\/le-guide\/","og_site_name":"Handy.Brussels - Brussels for All !","article_modified_time":"2018-02-07T17:07:07+00:00","twitter_card":"summary_large_image","twitter_misc":{"Est. reading time":"2 minutes"},"schema":{"@context":"https:\/\/schema.org","@graph":[{"@type":"WebPage","@id":"https:\/\/handy.brussels\/en\/amt-concept\/le-guide\/","url":"https:\/\/handy.brussels\/en\/amt-concept\/le-guide\/","name":"The Guide - Handy.Brussels - Brussels for All !","isPartOf":{"@id":"https:\/\/handy.brussels\/nl\/#website"},"datePublished":"2017-11-21T15:49:38+00:00","dateModified":"2018-02-07T17:07:07+00:00","breadcrumb":{"@id":"https:\/\/handy.brussels\/en\/amt-concept\/le-guide\/#breadcrumb"},"inLanguage":"en-US","potentialAction":[{"@type":"ReadAction","target":["https:\/\/handy.brussels\/en\/amt-concept\/le-guide\/"]}]},{"@type":"BreadcrumbList","@id":"https:\/\/handy.brussels\/en\/amt-concept\/le-guide\/#breadcrumb","itemListElement":[{"@type":"ListItem","position":1,"name":"Accueil","item":"https:\/\/handy.brussels\/nl\/"},{"@type":"ListItem","position":2,"name":"AMT Concept","item":"https:\/\/handy.brussels\/en\/amt-concept\/"},{"@type":"ListItem","position":3,"name":"The Guide"}]},{"@type":"WebSite","@id":"https:\/\/handy.brussels\/nl\/#website","url":"https:\/\/handy.brussels\/nl\/","name":"Handy.Brussels - Brussels for All !","description":"The guide for the tourist with reduced mobility in Brussels","potentialAction":[{"@type":"SearchAction","target":{"@type":"EntryPoint","urlTemplate":"https:\/\/handy.brussels\/nl\/?s={search_term_string}"},"query-input":{"@type":"PropertyValueSpecification","valueRequired":true,"valueName":"search_term_string"}}],"inLanguage":"en-US"}]}},"_links":{"self":[{"href":"https:\/\/handy.brussels\/en\/wp-json\/wp\/v2\/pages\/15434\/"}],"collection":[{"href":"https:\/\/handy.brussels\/en\/wp-json\/wp\/v2\/pages\/"}],"about":[{"href":"https:\/\/handy.brussels\/en\/wp-json\/wp\/v2\/types\/page\/"}],"author":[{"embeddable":true,"href":"https:\/\/handy.brussels\/en\/wp-json\/wp\/v2\/users\/5\/"}],"replies":[{"embeddable":true,"href":"https:\/\/handy.brussels\/en\/wp-json\/wp\/v2\/comments\/?post=15434"}],"version-history":[{"count":0,"href":"https:\/\/handy.brussels\/en\/wp-json\/wp\/v2\/pages\/15434\/revisions\/"}],"up":[{"embeddable":true,"href":"https:\/\/handy.brussels\/en\/wp-json\/wp\/v2\/pages\/14473\/"}],"wp:attachment":[{"href":"https:\/\/handy.brussels\/en\/wp-json\/wp\/v2\/media\/?parent=15434"}],"curies":[{"name":"wp","href":"https:\/\/api.w.org\/{rel}","templated":true}]}}