{"id":15356,"date":"2017-11-17T19:50:19","date_gmt":"2017-11-17T19:50:19","guid":{"rendered":"https:\/\/handy.brussels\/amt-concept\/nos-realisations\/"},"modified":"2025-10-30T14:54:48","modified_gmt":"2025-10-30T14:54:48","slug":"nos-realisations","status":"publish","type":"page","link":"https:\/\/handy.brussels\/en\/amt-concept\/nos-realisations\/","title":{"rendered":"Our realizations"},"content":{"rendered":"<h3>Pedestrian loops in the Brussels-Capital Region<\/h3>\n<p>The non-profit organisation AMT Concept aims to support municipalities in developing pedestrian loops and regularly organises awareness-raising and assistance initiatives to improve accessibility in public spaces, with the support of Brussels Mobility.<\/p>\n<p>View and download, documents in French:<\/p>\n<ul>\n<li>-&gt; <a href=\"https:\/\/handy.brussels\/en\/amt-concept\/nos-realisations\/1livret_2024_amt_bm_synthese-boucles-pietonnes_lowdef\/\" rel=\"attachment wp-att-25725\">1 \u201cPedestrian loops\u201d summary booklet<\/a> (revised version incorporating comments from BM and CRR),<\/li>\n<li>-&gt; 2 posters,<a href=\"https:\/\/handy.brussels\/en\/amt-concept\/nos-realisations\/affiche_amt_boucles_pietonnes_lowdef\/\" rel=\"attachment wp-att-25728\"> one general Brussels-Capital Region poster <\/a> and another more specific <a href=\"https:\/\/handy.brussels\/en\/amt-concept\/nos-realisations\/affiche_amt_boucles_pietonnes-2_lowdef\/\" rel=\"attachment wp-att-25731\"> to Schaerbeek and Evere,<\/a><\/li>\n<li>-&gt; 1 <a href=\"https:\/\/handy.brussels\/en\/amt-concept\/nos-realisations\/affiche_250324_parcours_accessible_evere_lowdef\/\" rel=\"attachment wp-att-25734\">Accessible route Evere poster (Monday 24 March 2025).<\/a><\/li>\n<\/ul>\n<h3>Inclusive circuits<\/h3>\n<p>View and download, documents in French:<\/p>\n<ul>\n<li style=\"list-style-type: none;\">\n<ul>\n<li>-&gt; <a href=\"https:\/\/handy.brussels\/en\/amt-concept\/nos-realisations\/3_circuits_inclusifs_livret\/\" rel=\"attachment wp-att-25719\">Booklet presenting the inclusive circuits,<\/a><\/li>\n<li>-&gt; <a href=\"https:\/\/handy.brussels\/en\/amt-concept\/nos-realisations\/affiche_amt_circuits_inclusifs_01_lowdef\/\" rel=\"attachment wp-att-25722\">Poster for circuit 01, Pl Luxembourg -&gt; Pl Jourdan.<\/a><\/li>\n<\/ul>\n<\/li>\n<\/ul>\n<h3>Wooden modules to improve accessibility<\/h3>\n<p>The project consists of 2 parts:<\/p>\n<ol>\n<li>Design, manufacture and installation of removable wooden ramps for the traders who responded favourably to the call for candidates and who have one or two steps to enter their shops.<br \/>\nThey will facilitate access to the interior of the shops for PRMs.<\/li>\n<li>Design, manufacture and installation of accessible and inclusive wooden furniture.<br \/>\nTo this end, 3 pieces of furniture were designed and conceived:<br \/>\n\u2013 Round wooden table<br \/>\n\u2013 Oval wooden table<br \/>\n\u2013 Bench<\/li>\n<\/ol>\n<p>The modules are made by <em>La Ferme Nos Pilifs<\/em> and will be placed in the framework of the disability week which takes place from 26 November to 3 December 2022.<br \/>\n<a href=\"https:\/\/handy.brussels\/wp-content\/uploads\/2022\/11\/230515_Fiches_mobilier_NOH_FR.pdf\" target=\"_blank\" rel=\"attachment noopener wp-att-24700\">Technical data sheets of the furniture (FR, PDF format)<\/a><\/p>\n<h3>Accessible museums and tourist attractions in Brussels<\/h3>\n<p>The city of Brussels has a very specific layout. If you have reduced mobility, it can be difficult to discover our beautiful capital city, with its upper town and lower town areas, its cobblestones and its irregular borders. Don&#8217;t worry, visit.brussels has created this brochure to make your visit easier.\u00a0 <a href=\"https:\/\/handy.brussels\/en\/pmr-brochure-2018-en-2\/\">Download the brochure<\/a><\/p>\n<p style=\"text-align: center;\"><a href=\"https:\/\/handy.brussels\/en\/amt-concept\/nos-realisations\/pmr-musees_et_attractions_touristiques\/\" rel=\"attachment wp-att-24139\"><img decoding=\"async\" class=\"aligncenter wp-image-24139\" title=\"Mus\u00e9es et attractions touristiques \u00e0 Bruxelles\" src=\"https:\/\/handy.brussels\/wp-content\/uploads\/2021\/09\/pmr-Musees_et_attractions_touristiques.jpg\" alt=\"pmr : Mus\u00e9es et attractions touristiques \u00e0 Bruxelles\" width=\"157\" height=\"222\" \/><\/a><\/p>\n<h3><em><span id=\"result_box\" class=\"short_text\" lang=\"en\"><span class=\"\">Being translated<\/span><\/span><\/em><\/h3>\n<h3>Commerces accessibles pour tous : BE HAPPY SHOPPING<\/h3>\n<p>Ce guide pratique s\u2019adresse \u00e0 tous les commer\u00e7ants. Pour le commerce de d\u00e9tail et de proximit\u00e9 ainsi que pour le secteur de l\u2019Horeca, accueillir sa client\u00e8le dans des conditions id\u00e9ales implique la prise en compte des besoins de chacun. Que vous soyez ind\u00e9pendant, g\u00e9rant, employ\u00e9 ou gestionnaire immobilier, ce guide est con\u00e7u pour vous, afin que vous puissiez rendre votre \u00e9tablissement accessible au plus grand nombre. Outre l\u2019int\u00e9r\u00eat soci\u00e9tal, c\u2019est un atout \u00e9conomique ind\u00e9niable que de pouvoir \u00e9largir son potentiel de clients. Un commerce accessible \u00e0 tous est un investissement rentable !<\/p>\n<p>AMT Concept a r\u00e9alis\u00e9 ce guide avec le soutien de Bruxelles Mobilit\u00e9.<br \/>\n<a href=\"https:\/\/handy.brussels\/wp-content\/uploads\/2021\/04\/210322_COMMERCES_ACCESSIBLES_FR_lowDef.pdf\" target=\"_blank\" rel=\"noopener\"><strong>Le guide<\/strong> existe en version papier ainsi qu&#8217;en version \u00e9lectronique, t\u00e9l\u00e9chargeable ici.<\/a><br \/>\n<a href=\"https:\/\/handy.brussels\/wp-content\/uploads\/2021\/04\/210402_Affiche_BE-HAPPY_SHOPPING.pdf\" target=\"_blank\" rel=\"noopener\"><strong>L&#8217;affiche<\/strong> est disponible en t\u00e9l\u00e9chargement ici<\/a><\/p>\n<p>En esp\u00e9rant que ce guide r\u00e9ponde \u00e0 toutes vos questions et vous aide dans votre chemin vers plus d\u2019accessibilit\u00e9 pour tous !<\/p>\n<p><img decoding=\"async\" class=\"wp-image-24064 aligncenter\" src=\"https:\/\/handy.brussels\/wp-content\/uploads\/2021\/04\/BE_HAPPY_SHOPPING_Cover_FR_web.jpg\" alt=\"BE_HAPPY_SHOPPING_Cover_FR\" width=\"95\" height=\"136\" srcset=\"https:\/\/handy.brussels\/wp-content\/uploads\/2021\/04\/BE_HAPPY_SHOPPING_Cover_FR_web.jpg 417w, https:\/\/handy.brussels\/wp-content\/uploads\/2021\/04\/BE_HAPPY_SHOPPING_Cover_FR_web-210x300.jpg 210w\" sizes=\"(max-width: 95px) 100vw, 95px\" \/><span id=\"result_box\" class=\"short_text\" lang=\"en\"><\/span><\/p>\n<h3>Le guide Handi Cap Sport 2018<\/h3>\n<p><a href=\"https:\/\/handy.brussels\/190228_handi_cap_sport_guide-digital\/\" target=\"_blank\" rel=\"noopener\">L\u2019\u00e9dition 2018 du guide <strong><em>Handi Cap Sport<\/em><\/strong> est t\u00e9l\u00e9chargeable ici<\/a>. Le guide a pour ambition de sensibiliser et d\u2019informer les clubs, les Communes et les associations sportives en R\u00e9gion de Bruxelles-Capitale sur les conditions n\u00e9cessaires \u00e0 rencontrer afin de d\u00e9velopper des activit\u00e9s adapt\u00e9es.<br \/>\nL\u2019\u00e9dition pr\u00e9sent\u00e9e cette ann\u00e9e constitue donc une mise \u00e0 jour du <strong><em>Guide des Sports<\/em><\/strong> de 2008 avec une nouveaut\u00e9 importante par sa conception en deux volets\u00a0;<\/p>\n<ul>\n<li><strong>1<\/strong>. <u>un guide \u2018papier\u2019<\/u> qui permet un acc\u00e8s classique par la lecture de la brochure (36p + couverture).<\/li>\n<li><strong>2<\/strong>. <u>un guide \u00e9lectronique<\/u>: augment\u00e9 d\u2019annexes et est constitu\u00e9 de fa\u00e7on interactive afin de faciliter l\u2019acc\u00e8s rapide par des hyperliens vers les informations tant internes au guide <strong><em>Handi Cap Sport<\/em><\/strong> qu\u2019externes vers d\u2019autres sites ou ressources \u00e9lectroniques.<\/li>\n<\/ul>\n<p>Ce choix de fonctionnement en deux entit\u00e9s pour un seul et m\u00eame guide est motiv\u00e9 par des raisons de durabilit\u00e9 et d\u2019acc\u00e8s facile \u00e0 l\u2019information. Cette solution permet \u00e0 terme des mises \u00e0 jour ais\u00e9es dans la version \u00e9lectronique. Par ailleurs, les informations relatives aux infrastructures sportives adapt\u00e9es seront r\u00e9percut\u00e9es sur ce site.<\/p>\n<h3>Le guide papier Bruxelles Pour Tous 2017<\/h3>\n<p>Le guide papier Bruxelles Pour Tous se positionne plus que jamais en guide ressource qui renvoie aux informations disponibles en ligne.<br \/>\nLa version papier propose des informations choisies de fa\u00e7on \u00e0 fonctionner dans un volume papier r\u00e9duit, concis et pratique \u00e0 manipuler.<\/p>\n<h3>Guide d\u2019aide \u00e0 la conception d\u2019un b\u00e2timent accessible 2017<\/h3>\n<p>Nouvelle \u00e9dition 2017<\/p>\n<h3>Partenariat avec Atrium<\/h3>\n<p>Une \u00e9quipe de collaborateurs d\u2019Atrium a \u00e9t\u00e9 form\u00e9e \u00e0 analyser, sur base de crit\u00e8res pr\u00e9cis et exhaustifs, l\u2019accessibilit\u00e9 d\u2019un commerce : largeur de la porte, pr\u00e9sence \u00e9ventuelle de marches, espace (&#8230;)<\/p>\n<h3>Accessible Buildings, film 3d<\/h3>\n<p>Une animation r\u00e9alis\u00e9e dans le cadre de la promotion du Guide d\u2019aide \u00e0 la construction d\u2019un b\u00e2timent accessible. Direction du projet Miguel Gerez &#8211; AMT Concept. Un film de S\u00e9raphine Graphics. (&#8230;)<\/p>\n<h3>Affiche du Guide d\u2019aide \u00e0 la conception d\u2019un b\u00e2timent accessible<\/h3>\n<p>Le projet men\u00e9 par le collectif CAWaB (Collectif Accessibilit\u00e9 Wallonie-Bruxelles) est un guide qui est destin\u00e9 aux professionnels de la construction, les concepteurs, les entrepreneurs, les (&#8230;)<\/p>\n<h3>Bruxelles Pour Tous 2016<\/h3>\n<p>Cet \u00e9t\u00e9 2016, \u00e0 l\u2019occasion des vacances annuelles, la Ministre, Membre du Gouvernement francophone bruxellois, en charge de la Politique d\u2019Aide aux Personnes Handicap\u00e9es, le Ministre-Pr\u00e9sident du (&#8230;)<\/p>\n<h3>Nouveau guide pratique de d\u00e9placement et d\u2019accessibilit\u00e9 dans le quartier europ\u00e9en<\/h3>\n<p>Pour ses d\u00e9buts, ce guide pr\u00e9sente des conseils de voyages et des suggestions sur les lieux touristiques accessibles dans le quartier europ\u00e9en. Les informations reprises en priorit\u00e9 sont (&#8230;)<\/p>\n<h3>Nouvelle publication : HANDI CAP LOGEMENT<\/h3>\n<p>Dynamiser le d\u00e9veloppement de l\u2019accessibilit\u00e9 afin d\u2019optimiser l\u2019autonomie des personnes \u00e0 mobilit\u00e9 r\u00e9duite est une exigence importante \u00e0 ne pas n\u00e9gliger, d\u2019autant que nous sommes tous susceptibles d\u2019\u00eatre (&#8230;)<\/p>\n<h3>Le guide \u00ab Bruxelles pour Tous \u00bb a 10 ans<\/h3>\n<p>Le guide Bruxelles Pour Tous se positionne en guide ressource qui s\u2019articule sur le site Internet www.bruxellespourtous.be. La version papier propose des informations simples et concises (&#8230;)<\/p>\n<h3>Petit Manuel&#8230;<\/h3>\n<p>La r\u00e8gle g\u00e9n\u00e9rale Concentrez-vous sur la capacit\u00e9 plut\u00f4t que sur l\u2019incapacit\u00e9. Ne soyez pas g\u00ean\u00e9 d\u2019employer la terminologie de tous les jours. Vous pouvez en toute libert\u00e9 utiliser des termes tels que \u00ab (&#8230;)<\/p>\n<h3>Tennis accessible \u00e0 tous<\/h3>\n<p>Depuis juin 2010, le Complexe Sportif Terdelt de Schaerbeek est devenu accessible \u00e0 tous le sportifs. Dor\u00e9navant, les personnes en chaise roulante peuvent avoir acc\u00e8s \u00e0 toutes les infrastructures du (&#8230;)<\/p>\n<h3>Parcours de sensibilisation COCOF<\/h3>\n<p>Ce parcours de sensibilisation \u00e0 l\u2019accessibilit\u00e9 PMR cr\u00e9\u00e9 en 2008 par AMT Concept, appartient depuis lors au Service Phare. Ce mod\u00e8le d\u2019espace public en miniature, permet \u00e0 tout en chacun, de mieux (&#8230;)<\/p>\n<h3>Participation au colloque de l\u2019Universit\u00e9 de Varese, Italie<\/h3>\n<p>Universit\u00e9 de Varese, lors du colloque de mai 2007 relatif au d\u00e9veloppement du tourisme dans la r\u00e9gion de Var\u00e8se, AMT Concept a \u00e9t\u00e9 sollicit\u00e9 pour montrer son travail en Belgique et expliquer le (&#8230;)<\/p>\n<h3>Guide Sports &amp; Handicaps<\/h3>\n<p>L\u2019accessibilit\u00e9 des infrastructures sportives en R\u00e9gion de Bruxelles-Capitale. La participation aux loisirs et, plus particuli\u00e8rement, la pratique d\u2019un sport constitue un des facteurs importants de (&#8230;)<\/p>\n<h3>\u00c9laboration d\u2019un sch\u00e9ma global de plan pi\u00e9ton pour la R\u00e9gion de Bruxelles-Capitale<\/h3>\n<p>Le plan pi\u00e9ton est une contribution \u00e0 une politique de promotion de la mobilit\u00e9 douce pour pr\u00e9parer des actions en faveur des PMR, c\u2019est-\u00e0-dire des actions pour tous les pi\u00e9tons. En effet, les (&#8230;)<\/p>\n<h3>Cycle de formation destin\u00e9 aux agents de Bruxelles Mobilit\u00e9<\/h3>\n<p>Mise en situation et \u00e9tude de cas. Le mardi 24 et le vendredi 27 novembre 2009, de 9h \u00e0 16h, s\u2019est d\u00e9roul\u00e9e une formation donn\u00e9e par l\u2019asbl AMT Concept et destin\u00e9e aux agents de Bruxelles Mobilit\u00e9. (&#8230;)<\/p>\n<h3>Formation en mobilit\u00e9 douce pour les agents de la STIB<\/h3>\n<p>Description du projet Objectifs du projet et rapport avec la mobilit\u00e9 en R\u00e9gion de Bruxelles-Capitale L\u2019objectif est de sensibiliser les agents de la STIB, en particulier ceux en charge des (&#8230;)<\/p>\n<h3>Handicap et accessibilit\u00e9 durable<\/h3>\n<p>POUR UNE MEILLEURE QUALIT\u00c9 DE VIE POUR TOUS ! CYCLE DE FORMATION CONTINUE DESTIN\u00c9 AU PERSONNEL COMMUNAL ET R\u00c9GIONAL. ORGANIS\u00c9 \u00c0 L\u2019INITIATIVE DE MADAME LA MINISTRE FRAN\u00c7OISE DUPUIS PAR L\u2019ASBL AMT (&#8230;)<\/p>\n<h3>Visites guid\u00e9es pour tous<\/h3>\n<p>A l\u2019initiative de la Ministre Huytebroeck, des visites guid\u00e9es, &#8220;mixtes&#8221; (m\u00e9langeant personnes valides et \u00e0 mobilit\u00e9 r\u00e9duite), de l\u2019association &#8220;Voir et dire Bruxelles&#8221; ont \u00e9t\u00e9 adapt\u00e9es. La premi\u00e8re (&#8230;)<\/p>\n<h3>Mobilit\u00e9 pour Tous : boucles pi\u00e9tonnes<\/h3>\n<p>Boucles pi\u00e9tonnes \u00e0 Evere et Watermael-Boisfort Se d\u00e9placer dans les rues parsem\u00e9es d\u2019obstacles, aller faire ses courses ou au cin\u00e9ma, utiliser les transports en commun, se rendre \u00e0 la poste\u2026 des (&#8230;)<\/p>\n","protected":false},"excerpt":{"rendered":"<p>Pedestrian loops in the Brussels-Capital Region The non-profit organisation AMT Concept aims to support municipalities in developing pedestrian loops and regularly organises awareness-raising and assistance initiatives to improve accessibility in public spaces, with the support of Brussels Mobility. View and download, documents in French: -&gt; 1 \u201cPedestrian loops\u201d summary booklet (revised version incorporating comments from&nbsp; <a href=\"https:\/\/handy.brussels\/en\/amt-concept\/nos-realisations\/\">&hellip; <\/a><\/p>\n","protected":false},"author":5,"featured_media":0,"parent":14473,"menu_order":0,"comment_status":"closed","ping_status":"closed","template":"","meta":{"_acf_changed":false,"footnotes":""},"class_list":["post-15356","page","type-page","status-publish","hentry"],"acf":[],"yoast_head":"<!-- This site is optimized with the Yoast SEO plugin v27.4 - https:\/\/yoast.com\/product\/yoast-seo-wordpress\/ -->\n<title>Our realizations - Handy.Brussels - Brussels for All !<\/title>\n<meta name=\"robots\" content=\"index, follow, max-snippet:-1, max-image-preview:large, max-video-preview:-1\" \/>\n<link rel=\"canonical\" href=\"https:\/\/handy.brussels\/en\/amt-concept\/nos-realisations\/\" \/>\n<meta property=\"og:locale\" content=\"en_US\" \/>\n<meta property=\"og:type\" content=\"article\" \/>\n<meta property=\"og:title\" content=\"Our realizations - Handy.Brussels - Brussels for All !\" \/>\n<meta property=\"og:description\" content=\"Pedestrian loops in the Brussels-Capital Region The non-profit organisation AMT Concept aims to support municipalities in developing pedestrian loops and regularly organises awareness-raising and assistance initiatives to improve accessibility in public spaces, with the support of Brussels Mobility. View and download, documents in French: -&gt; 1 \u201cPedestrian loops\u201d summary booklet (revised version incorporating comments from&nbsp; &hellip;\" \/>\n<meta property=\"og:url\" content=\"https:\/\/handy.brussels\/en\/amt-concept\/nos-realisations\/\" \/>\n<meta property=\"og:site_name\" content=\"Handy.Brussels - Brussels for All !\" \/>\n<meta property=\"article:modified_time\" content=\"2025-10-30T14:54:48+00:00\" \/>\n<meta property=\"og:image\" content=\"https:\/\/handy.brussels\/wp-content\/uploads\/2021\/09\/pmr-Musees_et_attractions_touristiques-e1633029662310.jpg\" \/>\n\t<meta property=\"og:image:width\" content=\"564\" \/>\n\t<meta property=\"og:image:height\" content=\"800\" \/>\n\t<meta property=\"og:image:type\" content=\"image\/jpeg\" \/>\n<meta name=\"twitter:card\" content=\"summary_large_image\" \/>\n<meta name=\"twitter:label1\" content=\"Est. reading time\" \/>\n\t<meta name=\"twitter:data1\" content=\"8 minutes\" \/>\n<script type=\"application\/ld+json\" class=\"yoast-schema-graph\">{\"@context\":\"https:\\\/\\\/schema.org\",\"@graph\":[{\"@type\":\"WebPage\",\"@id\":\"https:\\\/\\\/handy.brussels\\\/en\\\/amt-concept\\\/nos-realisations\\\/\",\"url\":\"https:\\\/\\\/handy.brussels\\\/en\\\/amt-concept\\\/nos-realisations\\\/\",\"name\":\"Our realizations - Handy.Brussels - Brussels for All !\",\"isPartOf\":{\"@id\":\"https:\\\/\\\/handy.brussels\\\/nl\\\/#website\"},\"primaryImageOfPage\":{\"@id\":\"https:\\\/\\\/handy.brussels\\\/en\\\/amt-concept\\\/nos-realisations\\\/#primaryimage\"},\"image\":{\"@id\":\"https:\\\/\\\/handy.brussels\\\/en\\\/amt-concept\\\/nos-realisations\\\/#primaryimage\"},\"thumbnailUrl\":\"https:\\\/\\\/handy.brussels\\\/wp-content\\\/uploads\\\/2021\\\/09\\\/pmr-Musees_et_attractions_touristiques.jpg\",\"datePublished\":\"2017-11-17T19:50:19+00:00\",\"dateModified\":\"2025-10-30T14:54:48+00:00\",\"breadcrumb\":{\"@id\":\"https:\\\/\\\/handy.brussels\\\/en\\\/amt-concept\\\/nos-realisations\\\/#breadcrumb\"},\"inLanguage\":\"en-US\",\"potentialAction\":[{\"@type\":\"ReadAction\",\"target\":[\"https:\\\/\\\/handy.brussels\\\/en\\\/amt-concept\\\/nos-realisations\\\/\"]}]},{\"@type\":\"ImageObject\",\"inLanguage\":\"en-US\",\"@id\":\"https:\\\/\\\/handy.brussels\\\/en\\\/amt-concept\\\/nos-realisations\\\/#primaryimage\",\"url\":\"https:\\\/\\\/handy.brussels\\\/wp-content\\\/uploads\\\/2021\\\/09\\\/pmr-Musees_et_attractions_touristiques.jpg\",\"contentUrl\":\"https:\\\/\\\/handy.brussels\\\/wp-content\\\/uploads\\\/2021\\\/09\\\/pmr-Musees_et_attractions_touristiques.jpg\"},{\"@type\":\"BreadcrumbList\",\"@id\":\"https:\\\/\\\/handy.brussels\\\/en\\\/amt-concept\\\/nos-realisations\\\/#breadcrumb\",\"itemListElement\":[{\"@type\":\"ListItem\",\"position\":1,\"name\":\"Accueil\",\"item\":\"https:\\\/\\\/handy.brussels\\\/nl\\\/\"},{\"@type\":\"ListItem\",\"position\":2,\"name\":\"AMT Concept\",\"item\":\"https:\\\/\\\/handy.brussels\\\/en\\\/amt-concept\\\/\"},{\"@type\":\"ListItem\",\"position\":3,\"name\":\"Our realizations\"}]},{\"@type\":\"WebSite\",\"@id\":\"https:\\\/\\\/handy.brussels\\\/nl\\\/#website\",\"url\":\"https:\\\/\\\/handy.brussels\\\/nl\\\/\",\"name\":\"Handy.Brussels - Brussels for All !\",\"description\":\"The guide for the tourist with reduced mobility in Brussels\",\"potentialAction\":[{\"@type\":\"SearchAction\",\"target\":{\"@type\":\"EntryPoint\",\"urlTemplate\":\"https:\\\/\\\/handy.brussels\\\/nl\\\/?s={search_term_string}\"},\"query-input\":{\"@type\":\"PropertyValueSpecification\",\"valueRequired\":true,\"valueName\":\"search_term_string\"}}],\"inLanguage\":\"en-US\"}]}<\/script>\n<!-- \/ Yoast SEO plugin. -->","yoast_head_json":{"title":"Our realizations - Handy.Brussels - Brussels for All !","robots":{"index":"index","follow":"follow","max-snippet":"max-snippet:-1","max-image-preview":"max-image-preview:large","max-video-preview":"max-video-preview:-1"},"canonical":"https:\/\/handy.brussels\/en\/amt-concept\/nos-realisations\/","og_locale":"en_US","og_type":"article","og_title":"Our realizations - Handy.Brussels - Brussels for All !","og_description":"Pedestrian loops in the Brussels-Capital Region The non-profit organisation AMT Concept aims to support municipalities in developing pedestrian loops and regularly organises awareness-raising and assistance initiatives to improve accessibility in public spaces, with the support of Brussels Mobility. View and download, documents in French: -&gt; 1 \u201cPedestrian loops\u201d summary booklet (revised version incorporating comments from&nbsp; &hellip;","og_url":"https:\/\/handy.brussels\/en\/amt-concept\/nos-realisations\/","og_site_name":"Handy.Brussels - Brussels for All !","article_modified_time":"2025-10-30T14:54:48+00:00","og_image":[{"width":564,"height":800,"url":"https:\/\/handy.brussels\/wp-content\/uploads\/2021\/09\/pmr-Musees_et_attractions_touristiques-e1633029662310.jpg","type":"image\/jpeg"}],"twitter_card":"summary_large_image","twitter_misc":{"Est. reading time":"8 minutes"},"schema":{"@context":"https:\/\/schema.org","@graph":[{"@type":"WebPage","@id":"https:\/\/handy.brussels\/en\/amt-concept\/nos-realisations\/","url":"https:\/\/handy.brussels\/en\/amt-concept\/nos-realisations\/","name":"Our realizations - Handy.Brussels - Brussels for All !","isPartOf":{"@id":"https:\/\/handy.brussels\/nl\/#website"},"primaryImageOfPage":{"@id":"https:\/\/handy.brussels\/en\/amt-concept\/nos-realisations\/#primaryimage"},"image":{"@id":"https:\/\/handy.brussels\/en\/amt-concept\/nos-realisations\/#primaryimage"},"thumbnailUrl":"https:\/\/handy.brussels\/wp-content\/uploads\/2021\/09\/pmr-Musees_et_attractions_touristiques.jpg","datePublished":"2017-11-17T19:50:19+00:00","dateModified":"2025-10-30T14:54:48+00:00","breadcrumb":{"@id":"https:\/\/handy.brussels\/en\/amt-concept\/nos-realisations\/#breadcrumb"},"inLanguage":"en-US","potentialAction":[{"@type":"ReadAction","target":["https:\/\/handy.brussels\/en\/amt-concept\/nos-realisations\/"]}]},{"@type":"ImageObject","inLanguage":"en-US","@id":"https:\/\/handy.brussels\/en\/amt-concept\/nos-realisations\/#primaryimage","url":"https:\/\/handy.brussels\/wp-content\/uploads\/2021\/09\/pmr-Musees_et_attractions_touristiques.jpg","contentUrl":"https:\/\/handy.brussels\/wp-content\/uploads\/2021\/09\/pmr-Musees_et_attractions_touristiques.jpg"},{"@type":"BreadcrumbList","@id":"https:\/\/handy.brussels\/en\/amt-concept\/nos-realisations\/#breadcrumb","itemListElement":[{"@type":"ListItem","position":1,"name":"Accueil","item":"https:\/\/handy.brussels\/nl\/"},{"@type":"ListItem","position":2,"name":"AMT Concept","item":"https:\/\/handy.brussels\/en\/amt-concept\/"},{"@type":"ListItem","position":3,"name":"Our realizations"}]},{"@type":"WebSite","@id":"https:\/\/handy.brussels\/nl\/#website","url":"https:\/\/handy.brussels\/nl\/","name":"Handy.Brussels - Brussels for All !","description":"The guide for the tourist with reduced mobility in Brussels","potentialAction":[{"@type":"SearchAction","target":{"@type":"EntryPoint","urlTemplate":"https:\/\/handy.brussels\/nl\/?s={search_term_string}"},"query-input":{"@type":"PropertyValueSpecification","valueRequired":true,"valueName":"search_term_string"}}],"inLanguage":"en-US"}]}},"_links":{"self":[{"href":"https:\/\/handy.brussels\/en\/wp-json\/wp\/v2\/pages\/15356\/"}],"collection":[{"href":"https:\/\/handy.brussels\/en\/wp-json\/wp\/v2\/pages\/"}],"about":[{"href":"https:\/\/handy.brussels\/en\/wp-json\/wp\/v2\/types\/page\/"}],"author":[{"embeddable":true,"href":"https:\/\/handy.brussels\/en\/wp-json\/wp\/v2\/users\/5\/"}],"replies":[{"embeddable":true,"href":"https:\/\/handy.brussels\/en\/wp-json\/wp\/v2\/comments\/?post=15356"}],"version-history":[{"count":12,"href":"https:\/\/handy.brussels\/en\/wp-json\/wp\/v2\/pages\/15356\/revisions\/"}],"predecessor-version":[{"id":25754,"href":"https:\/\/handy.brussels\/en\/wp-json\/wp\/v2\/pages\/15356\/revisions\/25754\/"}],"up":[{"embeddable":true,"href":"https:\/\/handy.brussels\/en\/wp-json\/wp\/v2\/pages\/14473\/"}],"wp:attachment":[{"href":"https:\/\/handy.brussels\/en\/wp-json\/wp\/v2\/media\/?parent=15356"}],"curies":[{"name":"wp","href":"https:\/\/api.w.org\/{rel}","templated":true}]}}