{"id":15048,"date":"2017-11-11T11:55:56","date_gmt":"2017-11-11T11:55:56","guid":{"rendered":"https:\/\/handy.brussels\/tourisme\/associations\/"},"modified":"2023-01-31T10:38:14","modified_gmt":"2023-01-31T10:38:14","slug":"associations","status":"publish","type":"page","link":"https:\/\/handy.brussels\/en\/tourisme\/associations\/","title":{"rendered":"Associations"},"content":{"rendered":"<p><strong>In planning your stay in Brussels, you may want to contact associations, federations or public authority<\/strong>, that can provide information on their activities. Here are some ideas. The list is not exhaustive, we took the associations that have collaborated with us.<\/p>\n<ul>\n<li><strong>Association Belge du Diab\u00e8te<\/strong><br \/>\n1, Place Hom\u00e8re Goossens \u2022 1180 Brussels<br \/>\nTel. : 02\/374.31.95 \u2022 Fax : 02\/374.81.74<\/li>\n<li><strong>Association Belge des Paralys\u00e9s &#8211; ABP asbl<\/strong><br \/>\nService social ch. de Gand 1434 \u2022 1082 Brussels<br \/>\nTel. 02\/421 69 64<br \/>\nmgodefroid@abpasbl.be info@abpasbl.be<br \/>\nWeb : www.abpasbl.be<\/li>\n<li><strong>Inclusion asbl<\/strong><br \/>\n<img decoding=\"async\" class=\"size-full wp-image-13633 alignleft\" src=\"https:\/\/handy.brussels\/wp-content\/uploads\/2017\/09\/1510_picto_sante_mentale.png\" alt=\"\" width=\"100\" height=\"100\" \/>LEISURE SERVICE FOR MENTALLY DISABLED PEOPLE<br \/>\n24, avenue Albert Giraud \u2022 1030 Brussels<br \/>\nTel. : 02 \/247 28 21 \u2022 secretariat@inclusion.be<br \/>\nWeb : www.inclusion.be<br \/>\nThis logo, created by<em> Inclusion Europe<\/em>, means that the accompanying text is written in simple language to the attention of people who have difficulty understanding<\/li>\n<li><strong>ALTEO asbl<\/strong><br \/>\n111-115, Boulevard Anspach \u2022 1000 Brussels<br \/>\nTel. : 02\/501 5816<br \/>\nSite : www.alteoasbl.be<\/li>\n<li><strong>Association des Insuffisants R\u00e9naux<\/strong><br \/>\nRoute de Lennik 808 \u2022 1070 Brussels<br \/>\nTel. : 02\/555.39.32<\/li>\n<li><strong>Centre Francophone de la Langue des Signes<\/strong><br \/>\n7 Avenue Baron d\u2019Huart \u2022 1150 Brussels<br \/>\nTel\/ fax : 02\/478 1448<br \/>\nWeb : www.cfls.be<\/li>\n<li><strong>F\u00e9d\u00e9ration Francophone pour la Promotion des personnes Handicap\u00e9es asbl<\/strong><br \/>\n111, rue du Midi \u2022 1000 Brussels<br \/>\nTel. : 02\/546 14 42<\/li>\n<li><strong>D\u00e9calage asbl<\/strong><br \/>\nINTEGRATED TOURISM THROUGH TRAVELS OR LEISURE<br \/>\n2, rue du Temps de Cerises \u2022 1150 Brussels<br \/>\nMobile : 0489 550 309 \u2022 info@decalage.be<br \/>\nWeb : www.decalage.be<\/li>\n<li><strong>F\u00e9d\u00e9ration Francophone des Sourds de Belgique<\/strong><br \/>\nRue Van Eyck 11A boite 4 \u2022 1050 Brussels<br \/>\nTel. : 02\/644.69.01 \u2022 Web : www.ffsb.be<\/li>\n<li><span class=\"s1\"><b><span class=\"text-uppercase\">Ligue Handisport Francophone<\/span><br \/>\n<\/b><\/span><span class=\"s1\">Grand H\u00f4pital de Charleroi, <\/span><span class=\"s1\">Site Reine Fabiola<br \/>\n<\/span><span class=\"s1\">69 avenue du Centenaire<br \/>\n<\/span><span class=\"s1\">6061 Montignies-sur-Sambre<\/span><\/li>\n<li><strong>La Ligue Braille<\/strong><br \/>\nRue d\u2019Angleterre 57 \u2022 1060 Brussels<br \/>\nTel. : 02\/533.32.11 \u2022 Web : www.braille.be<\/li>\n<li><strong>La Maison des Sourds<\/strong><br \/>\nRue de Saxe Cobourg 38 \u2022 1210 Brussels<br \/>\nTel.\/Fax\/Minitel : 02\/218.32.22<\/li>\n<li><strong>EQLA<\/strong><br \/>\nBoulevard de la Woluwe 34 \u2022 1200 Sint-Lambrechts-Woluwe<br \/>\nT\u00e9l. : 02\/241.65.68\u2022 Fax : 02\/215.88.21 \u2022\u00a0 Site : <a href=\"https:\/\/www.eqla.be\/\">www.eqla.be\u00a0 ; \u00a0 <\/a><a href=\"mailto:info@eqla.be\">info@eqla.be<\/a><\/li>\n<li><strong>Ligue Nationale Belge de la Scl\u00e9rose en plaques<\/strong><br \/>\nRue Auguste Lambiotte, 144 Bte 8<br \/>\n1030 Brussels \u2022 Tel.\/fax : 02\/732 39 59<br \/>\nms.sep@ms-sep.be<\/li>\n<li><strong>Ideji asbl<\/strong><br \/>\nRue au Bois, 11 \u2022 1150 Brussels<br \/>\nTel : 02\/772.70.20 \u2022 Web : www.ideji.be<br \/>\nwww.vieassociative.be<\/li>\n<li><strong>Unia, the Centre for Equal Opportunities<\/strong><br \/>\nDo you have a question for Unia? Do you want to report a case of discrimination ?<br \/>\n138, Rue Royale \u2022 1000 Bruxelles<br \/>\nFreephone : 0800 12 800 \u2022 Tel : 02 212 30 00<br \/>\nFax : 02 212 30 30 \u2022 E-mail : info@unia.be<\/li>\n<\/ul>\n<p><span style=\"border-radius: 2px; text-indent: 20px; width: auto; padding: 0px 4px 0px 0px; text-align: center; font: bold 11px\/20px 'Helvetica Neue',Helvetica,sans-serif; color: #ffffff; background: #bd081c no-repeat scroll 3px 50% \/ 14px 14px; position: absolute; opacity: 1; z-index: 8675309; display: none; cursor: pointer;\">Enregistrer<\/span><\/p>\n<p><span style=\"border-radius: 2px; text-indent: 20px; width: auto; padding: 0px 4px 0px 0px; text-align: center; font: bold 11px\/20px 'Helvetica Neue',Helvetica,sans-serif; color: #ffffff; background: #bd081c no-repeat scroll 3px 50% \/ 14px 14px; position: absolute; opacity: 1; z-index: 8675309; display: none; cursor: pointer;\">Enregistrer<\/span><\/p>\n<p><span style=\"border-radius: 2px; text-indent: 20px; width: auto; padding: 0px 4px 0px 0px; text-align: center; font: bold 11px\/20px 'Helvetica Neue',Helvetica,sans-serif; color: #ffffff; background: #bd081c no-repeat scroll 3px 50% \/ 14px 14px; position: absolute; opacity: 1; z-index: 8675309; display: none; cursor: pointer;\">Enregistrer<\/span><\/p>\n<p><span style=\"border-radius: 2px; text-indent: 20px; width: auto; padding: 0px 4px 0px 0px; text-align: center; font: bold 11px\/20px 'Helvetica Neue',Helvetica,sans-serif; color: #ffffff; background: #bd081c no-repeat scroll 3px 50% \/ 14px 14px; position: absolute; opacity: 1; z-index: 8675309; display: none; cursor: pointer;\">Enregistrer<\/span><\/p>\n<p><span style=\"border-radius: 2px; text-indent: 20px; width: auto; padding: 0px 4px 0px 0px; text-align: center; font: bold 11px\/20px 'Helvetica Neue',Helvetica,sans-serif; color: #ffffff; background: #bd081c no-repeat scroll 3px 50% \/ 14px 14px; position: absolute; opacity: 1; z-index: 8675309; display: none; cursor: pointer;\">Enregistrer<\/span><\/p>\n<p><span style=\"border-radius: 2px; text-indent: 20px; width: auto; padding: 0px 4px 0px 0px; text-align: center; font: bold 11px\/20px 'Helvetica Neue',Helvetica,sans-serif; color: #ffffff; background: #bd081c no-repeat scroll 3px 50% \/ 14px 14px; position: absolute; opacity: 1; z-index: 8675309; display: none; cursor: pointer;\">Enregistrer<\/span><\/p>\n","protected":false},"excerpt":{"rendered":"<p>In planning your stay in Brussels, you may want to contact associations, federations or public authority, that can provide information on their activities. Here are some ideas. The list is not exhaustive, we took the associations that have collaborated with us. Association Belge du Diab\u00e8te 1, Place Hom\u00e8re Goossens \u2022 1180 Brussels Tel. : 02\/374.31.95&nbsp; <a href=\"https:\/\/handy.brussels\/en\/tourisme\/associations\/\">&hellip; <\/a><\/p>\n","protected":false},"author":5,"featured_media":0,"parent":14919,"menu_order":0,"comment_status":"closed","ping_status":"closed","template":"","meta":{"_acf_changed":false,"footnotes":""},"class_list":["post-15048","page","type-page","status-publish","hentry"],"acf":[],"yoast_head":"<!-- This site is optimized with the Yoast SEO plugin v27.5 - https:\/\/yoast.com\/product\/yoast-seo-wordpress\/ -->\n<title>Associations - Handy.Brussels - Brussels for All !<\/title>\n<meta name=\"robots\" content=\"index, follow, max-snippet:-1, max-image-preview:large, max-video-preview:-1\" \/>\n<link rel=\"canonical\" href=\"https:\/\/handy.brussels\/en\/tourisme\/associations\/\" \/>\n<meta property=\"og:locale\" content=\"en_US\" \/>\n<meta property=\"og:type\" content=\"article\" \/>\n<meta property=\"og:title\" content=\"Associations - Handy.Brussels - Brussels for All !\" \/>\n<meta property=\"og:description\" content=\"In planning your stay in Brussels, you may want to contact associations, federations or public authority, that can provide information on their activities. Here are some ideas. The list is not exhaustive, we took the associations that have collaborated with us. Association Belge du Diab\u00e8te 1, Place Hom\u00e8re Goossens \u2022 1180 Brussels Tel. : 02\/374.31.95&nbsp; &hellip;\" \/>\n<meta property=\"og:url\" content=\"https:\/\/handy.brussels\/en\/tourisme\/associations\/\" \/>\n<meta property=\"og:site_name\" content=\"Handy.Brussels - Brussels for All !\" \/>\n<meta property=\"article:modified_time\" content=\"2023-01-31T10:38:14+00:00\" \/>\n<meta property=\"og:image\" content=\"https:\/\/handy.brussels\/wp-content\/uploads\/2017\/09\/1510_picto_sante_mentale.png\" \/>\n<meta name=\"twitter:card\" content=\"summary_large_image\" \/>\n<meta name=\"twitter:label1\" content=\"Est. reading time\" \/>\n\t<meta name=\"twitter:data1\" content=\"3 minutes\" \/>\n<script type=\"application\/ld+json\" class=\"yoast-schema-graph\">{\"@context\":\"https:\\\/\\\/schema.org\",\"@graph\":[{\"@type\":\"WebPage\",\"@id\":\"https:\\\/\\\/handy.brussels\\\/en\\\/tourisme\\\/associations\\\/\",\"url\":\"https:\\\/\\\/handy.brussels\\\/en\\\/tourisme\\\/associations\\\/\",\"name\":\"Associations - Handy.Brussels - Brussels for All !\",\"isPartOf\":{\"@id\":\"https:\\\/\\\/handy.brussels\\\/nl\\\/#website\"},\"primaryImageOfPage\":{\"@id\":\"https:\\\/\\\/handy.brussels\\\/en\\\/tourisme\\\/associations\\\/#primaryimage\"},\"image\":{\"@id\":\"https:\\\/\\\/handy.brussels\\\/en\\\/tourisme\\\/associations\\\/#primaryimage\"},\"thumbnailUrl\":\"https:\\\/\\\/handy.brussels\\\/wp-content\\\/uploads\\\/2017\\\/09\\\/1510_picto_sante_mentale.png\",\"datePublished\":\"2017-11-11T11:55:56+00:00\",\"dateModified\":\"2023-01-31T10:38:14+00:00\",\"breadcrumb\":{\"@id\":\"https:\\\/\\\/handy.brussels\\\/en\\\/tourisme\\\/associations\\\/#breadcrumb\"},\"inLanguage\":\"en-US\",\"potentialAction\":[{\"@type\":\"ReadAction\",\"target\":[\"https:\\\/\\\/handy.brussels\\\/en\\\/tourisme\\\/associations\\\/\"]}]},{\"@type\":\"ImageObject\",\"inLanguage\":\"en-US\",\"@id\":\"https:\\\/\\\/handy.brussels\\\/en\\\/tourisme\\\/associations\\\/#primaryimage\",\"url\":\"https:\\\/\\\/handy.brussels\\\/wp-content\\\/uploads\\\/2017\\\/09\\\/1510_picto_sante_mentale.png\",\"contentUrl\":\"https:\\\/\\\/handy.brussels\\\/wp-content\\\/uploads\\\/2017\\\/09\\\/1510_picto_sante_mentale.png\"},{\"@type\":\"BreadcrumbList\",\"@id\":\"https:\\\/\\\/handy.brussels\\\/en\\\/tourisme\\\/associations\\\/#breadcrumb\",\"itemListElement\":[{\"@type\":\"ListItem\",\"position\":1,\"name\":\"Accueil\",\"item\":\"https:\\\/\\\/handy.brussels\\\/nl\\\/\"},{\"@type\":\"ListItem\",\"position\":2,\"name\":\"Practical\",\"item\":\"https:\\\/\\\/handy.brussels\\\/en\\\/tourisme\\\/\"},{\"@type\":\"ListItem\",\"position\":3,\"name\":\"Associations\"}]},{\"@type\":\"WebSite\",\"@id\":\"https:\\\/\\\/handy.brussels\\\/nl\\\/#website\",\"url\":\"https:\\\/\\\/handy.brussels\\\/nl\\\/\",\"name\":\"Handy.Brussels - Brussels for All !\",\"description\":\"The guide for the tourist with reduced mobility in Brussels\",\"potentialAction\":[{\"@type\":\"SearchAction\",\"target\":{\"@type\":\"EntryPoint\",\"urlTemplate\":\"https:\\\/\\\/handy.brussels\\\/nl\\\/?s={search_term_string}\"},\"query-input\":{\"@type\":\"PropertyValueSpecification\",\"valueRequired\":true,\"valueName\":\"search_term_string\"}}],\"inLanguage\":\"en-US\"}]}<\/script>\n<!-- \/ Yoast SEO plugin. -->","yoast_head_json":{"title":"Associations - Handy.Brussels - Brussels for All !","robots":{"index":"index","follow":"follow","max-snippet":"max-snippet:-1","max-image-preview":"max-image-preview:large","max-video-preview":"max-video-preview:-1"},"canonical":"https:\/\/handy.brussels\/en\/tourisme\/associations\/","og_locale":"en_US","og_type":"article","og_title":"Associations - Handy.Brussels - Brussels for All !","og_description":"In planning your stay in Brussels, you may want to contact associations, federations or public authority, that can provide information on their activities. Here are some ideas. The list is not exhaustive, we took the associations that have collaborated with us. Association Belge du Diab\u00e8te 1, Place Hom\u00e8re Goossens \u2022 1180 Brussels Tel. : 02\/374.31.95&nbsp; &hellip;","og_url":"https:\/\/handy.brussels\/en\/tourisme\/associations\/","og_site_name":"Handy.Brussels - Brussels for All !","article_modified_time":"2023-01-31T10:38:14+00:00","og_image":[{"url":"https:\/\/handy.brussels\/wp-content\/uploads\/2017\/09\/1510_picto_sante_mentale.png","type":"","width":"","height":""}],"twitter_card":"summary_large_image","twitter_misc":{"Est. reading time":"3 minutes"},"schema":{"@context":"https:\/\/schema.org","@graph":[{"@type":"WebPage","@id":"https:\/\/handy.brussels\/en\/tourisme\/associations\/","url":"https:\/\/handy.brussels\/en\/tourisme\/associations\/","name":"Associations - Handy.Brussels - Brussels for All !","isPartOf":{"@id":"https:\/\/handy.brussels\/nl\/#website"},"primaryImageOfPage":{"@id":"https:\/\/handy.brussels\/en\/tourisme\/associations\/#primaryimage"},"image":{"@id":"https:\/\/handy.brussels\/en\/tourisme\/associations\/#primaryimage"},"thumbnailUrl":"https:\/\/handy.brussels\/wp-content\/uploads\/2017\/09\/1510_picto_sante_mentale.png","datePublished":"2017-11-11T11:55:56+00:00","dateModified":"2023-01-31T10:38:14+00:00","breadcrumb":{"@id":"https:\/\/handy.brussels\/en\/tourisme\/associations\/#breadcrumb"},"inLanguage":"en-US","potentialAction":[{"@type":"ReadAction","target":["https:\/\/handy.brussels\/en\/tourisme\/associations\/"]}]},{"@type":"ImageObject","inLanguage":"en-US","@id":"https:\/\/handy.brussels\/en\/tourisme\/associations\/#primaryimage","url":"https:\/\/handy.brussels\/wp-content\/uploads\/2017\/09\/1510_picto_sante_mentale.png","contentUrl":"https:\/\/handy.brussels\/wp-content\/uploads\/2017\/09\/1510_picto_sante_mentale.png"},{"@type":"BreadcrumbList","@id":"https:\/\/handy.brussels\/en\/tourisme\/associations\/#breadcrumb","itemListElement":[{"@type":"ListItem","position":1,"name":"Accueil","item":"https:\/\/handy.brussels\/nl\/"},{"@type":"ListItem","position":2,"name":"Practical","item":"https:\/\/handy.brussels\/en\/tourisme\/"},{"@type":"ListItem","position":3,"name":"Associations"}]},{"@type":"WebSite","@id":"https:\/\/handy.brussels\/nl\/#website","url":"https:\/\/handy.brussels\/nl\/","name":"Handy.Brussels - Brussels for All !","description":"The guide for the tourist with reduced mobility in Brussels","potentialAction":[{"@type":"SearchAction","target":{"@type":"EntryPoint","urlTemplate":"https:\/\/handy.brussels\/nl\/?s={search_term_string}"},"query-input":{"@type":"PropertyValueSpecification","valueRequired":true,"valueName":"search_term_string"}}],"inLanguage":"en-US"}]}},"_links":{"self":[{"href":"https:\/\/handy.brussels\/en\/wp-json\/wp\/v2\/pages\/15048\/"}],"collection":[{"href":"https:\/\/handy.brussels\/en\/wp-json\/wp\/v2\/pages\/"}],"about":[{"href":"https:\/\/handy.brussels\/en\/wp-json\/wp\/v2\/types\/page\/"}],"author":[{"embeddable":true,"href":"https:\/\/handy.brussels\/en\/wp-json\/wp\/v2\/users\/5\/"}],"replies":[{"embeddable":true,"href":"https:\/\/handy.brussels\/en\/wp-json\/wp\/v2\/comments\/?post=15048"}],"version-history":[{"count":4,"href":"https:\/\/handy.brussels\/en\/wp-json\/wp\/v2\/pages\/15048\/revisions\/"}],"predecessor-version":[{"id":24805,"href":"https:\/\/handy.brussels\/en\/wp-json\/wp\/v2\/pages\/15048\/revisions\/24805\/"}],"up":[{"embeddable":true,"href":"https:\/\/handy.brussels\/en\/wp-json\/wp\/v2\/pages\/14919\/"}],"wp:attachment":[{"href":"https:\/\/handy.brussels\/en\/wp-json\/wp\/v2\/media\/?parent=15048"}],"curies":[{"name":"wp","href":"https:\/\/api.w.org\/{rel}","templated":true}]}}